{"id":200,"date":"2024-01-18T13:53:04","date_gmt":"2024-01-18T13:53:04","guid":{"rendered":"https:\/\/bfb.mk\/?page_id=200"},"modified":"2024-01-13T14:03:59","modified_gmt":"2024-01-13T14:03:59","slug":"kreu","status":"publish","type":"page","link":"https:\/\/bfb.mk\/","title":{"rendered":"KREU"},"content":{"rendered":"\t\t<div data-elementor-type=\"wp-page\" data-elementor-id=\"200\" class=\"elementor elementor-200\">\n\t\t\t\t<div class=\"elementor-element elementor-element-0dcc534 e-flex e-con-boxed e-con e-parent\" data-id=\"0dcc534\" data-element_type=\"container\" data-e-type=\"container\">\n\t\t\t\t\t<div class=\"e-con-inner\">\n\t\t<div class=\"elementor-element elementor-element-cf51214 e-con-full e-flex e-con e-child\" data-id=\"cf51214\" data-element_type=\"container\" data-e-type=\"container\">\n\t\t\t\t<div class=\"elementor-element elementor-element-0f4f8c1 tpg-wrapper-align-left meta-visibility-show section-title-style-style1 title_position_default title_hover_border_default title-default img_hover_animation_default meta_position_default tpg-category-position-default readmore-btn-default-style grid-hover-overlay-type-always grid-hover-overlay-height-default hover-overlay-height-default tpg-border-bottom-disable elementor-widget elementor-widget-tpg-grid-hover-layout\" data-id=\"0f4f8c1\" data-element_type=\"widget\" data-e-type=\"widget\" data-widget_type=\"tpg-grid-hover-layout.default\">\n\t\t\t\t<div class=\"elementor-widget-container\">\n\t\t\t\t\t\n        <div class=\"rt-container-fluid rt-tpg-container tpg-el-main-wrapper grid_hover-layout1-main \"\n             id=\"rt-tpg-container-6869383\"\n             data-layout=\"grid_hover-layout1\"\n             data-sc-id=\"elementor\"\n             data-el-settings=''\n             data-el-query=''\n             data-el-path=''\n        >\n\t\t\t            <div class='tpg-header-wrapper '>\n\t\t\t\t\n        <div class=\"tpg-widget-heading-wrapper rt-clear heading-style1 \">\n            <span class=\"tpg-widget-heading-line line-left\"><\/span>\n\t\t\t<h2 class='tpg-widget-heading'>\n\t\t\t\n\t\t\t\t                    <span>\n\t\t\t\t\t\tLAJMET E FUNDIT :\t\t\t\t\t<\/span>\n\t\t\t\t\t\n\t\t\t\t\t\t\t<\/h2>            <span class=\"tpg-widget-heading-line line-right\"><\/span>\n\n\t\t\t\n        <\/div>\n\n\t\t\n\t\t            <\/div>\n\n            <div data-title=\"Loading ...\"\n                 class=\"rt-row rt-content-loader grid_hover-layout1 tpg-even grid-behaviour grid_hover_layout_wrapper\">\n\t\t\t\t\n<div class=\"rt-col-md-4 rt-col-sm-6 rt-col-xs-12 default rt-grid-hover-item rt-grid-item\" data-id=\"714\">\n\t<div class=\"rt-holder tpg-post-holder \">\n\t\t<div class=\"rt-detail rt-el-content-wrapper\">\n\t\t\t\t\t\t\t<div class=\"rt-img-holder tpg-el-image-wrap has-no-thumbnail\">\n\t\t\t\t\t<a data-id=\"714\" href=\"https:\/\/bfb.mk\/?p=714\" class=\"tpg-post-link\" target=\"_self\"><img class='rt-img-responsive' src='https:\/\/bfb.mk\/wp-content\/uploads\/2025\/12\/BFB-2026.jpg' width=\"1024\" height=\"1024\" alt='G\u00ebzuar Vitin e Ri 2026!'>\t\t\n\t\t<\/a>\n\t\t        <div class=\"overlay grid-hover-content\"><\/div>\n\t\t\t\t\t\t<\/div>\n\t\t\t\n\t\t\t<div class=\"grid-hover-content\">\n\t\t\t\t<div class=\"entry-title-wrapper\"><h3 class=\"entry-title\"><a data-id=\"714\" href=\"https:\/\/bfb.mk\/?p=714\" class=\"tpg-post-link\" target=\"_self\">G\u00ebzuar Vitin e Ri 2026!<\/a><\/h3><\/div>\n\t\t\t\t\t\t\t\t\t<div class=\"post-meta-tags rt-el-post-meta\">\n\t\t\t\t\t\t            <span class='date'>\n\t\t\t\t<i class='far fa-calendar-alt '><\/i>\t\t\t\t                    <a href=\"https:\/\/bfb.mk\/?m=20251231\">\n\t\t\t\t\tDecember 31, 2025\t\t\t\t<\/a>\n\t\t\t\t\t\t\t<\/span>\n\t\t\t            <span class='categories-links'>\n\t\t\t\t<i class='fas fa-folder-open '><\/i><a class=\"blog\" href=\"https:\/\/bfb.mk\/?cat=1\">Blog<\/a><span class=\"rt-separator\">,<\/span><a class=\"lajme\" href=\"https:\/\/bfb.mk\/?cat=17\">Lajme<\/a>\t\t\t<\/span>\n\t\t\t\t\t\t\t\t<\/div>\n\t\t\t\t\n\t\t\t\t\t\t\t\t\t<div class=\"tpg-excerpt tpg-el-excerpt\">\n\t\t\t\t\t\t\t\t\t\t\t\t\t<div class=\"tpg-excerpt-inner\">\n\t\t\t\t\t\t\t\t...\t\t\t\t\t\t\t<\/div>\n\t\t\t\t\t\t\t\t\t\t\t\t\t\t\t\t\t<\/div>\n\t\t\t\t\n\t\t\t\t        <div class=\"post-footer\">\n            <div class=\"post-footer\">\n                <div class=\"read-more\">\n\t\t\t\t\t<a data-id=\"714\" href=\"https:\/\/bfb.mk\/?p=714\" class=\"tpg-post-link\" target=\"_self\">Read More<\/a>                <\/div>\n            <\/div>\n        <\/div>\n\t\t\t\t\t<\/div>\n\t\t<\/div>\n\t<\/div>\n<\/div>\n\n<div class=\"rt-col-md-4 rt-col-sm-6 rt-col-xs-12 default rt-grid-hover-item rt-grid-item\" data-id=\"711\">\n\t<div class=\"rt-holder tpg-post-holder \">\n\t\t<div class=\"rt-detail rt-el-content-wrapper\">\n\t\t\t\t\t\t\t<div class=\"rt-img-holder tpg-el-image-wrap has-no-thumbnail\">\n\t\t\t\t\t<a data-id=\"711\" href=\"https:\/\/bfb.mk\/?p=711\" class=\"tpg-post-link\" target=\"_self\"><img class='rt-img-responsive' src='https:\/\/bfb.mk\/wp-content\/uploads\/2024\/04\/BFB-LOGO-OFFICIAL-724x1024.png' width=\"724\" height=\"1024\" alt='Urim nga Bashk\u00ebsia Fetare Bektashiane Selia \u2013 K\u00ebr\u00e7ov\u00eb, Maqedonia e Veriut'>\t\t\n\t\t<\/a>\n\t\t        <div class=\"overlay grid-hover-content\"><\/div>\n\t\t\t\t\t\t<\/div>\n\t\t\t\n\t\t\t<div class=\"grid-hover-content\">\n\t\t\t\t<div class=\"entry-title-wrapper\"><h3 class=\"entry-title\"><a data-id=\"711\" href=\"https:\/\/bfb.mk\/?p=711\" class=\"tpg-post-link\" target=\"_self\">Urim nga Bashk\u00ebsia Fetare Bektashiane Selia \u2013 K\u00ebr\u00e7ov\u00eb, Maqedonia e Veriut<\/a><\/h3><\/div>\n\t\t\t\t\t\t\t\t\t<div class=\"post-meta-tags rt-el-post-meta\">\n\t\t\t\t\t\t            <span class='date'>\n\t\t\t\t<i class='far fa-calendar-alt '><\/i>\t\t\t\t                    <a href=\"https:\/\/bfb.mk\/?m=20251122\">\n\t\t\t\t\tNovember 22, 2025\t\t\t\t<\/a>\n\t\t\t\t\t\t\t<\/span>\n\t\t\t            <span class='categories-links'>\n\t\t\t\t<i class='fas fa-folder-open '><\/i><a class=\"blog\" href=\"https:\/\/bfb.mk\/?cat=1\">Blog<\/a><span class=\"rt-separator\">,<\/span><a class=\"lajme\" href=\"https:\/\/bfb.mk\/?cat=17\">Lajme<\/a>\t\t\t<\/span>\n\t\t\t\t\t\t\t\t<\/div>\n\t\t\t\t\n\t\t\t\t\t\t\t\t\t<div class=\"tpg-excerpt tpg-el-excerpt\">\n\t\t\t\t\t\t\t\t\t\t\t\t\t<div class=\"tpg-excerpt-inner\">\n\t\t\t\t\t\t\t\tMe rastin e 22 N\u00ebntorit \u2013 Dit\u00ebs s\u00eb Alfabetit Shqiptar! N\u00eb drit\u00ebn e paqes, urt\u00ebsis\u00eb dhe dashuris\u00eb...\t\t\t\t\t\t\t<\/div>\n\t\t\t\t\t\t\t\t\t\t\t\t\t\t\t\t\t<\/div>\n\t\t\t\t\n\t\t\t\t        <div class=\"post-footer\">\n            <div class=\"post-footer\">\n                <div class=\"read-more\">\n\t\t\t\t\t<a data-id=\"711\" href=\"https:\/\/bfb.mk\/?p=711\" class=\"tpg-post-link\" target=\"_self\">Read More<\/a>                <\/div>\n            <\/div>\n        <\/div>\n\t\t\t\t\t<\/div>\n\t\t<\/div>\n\t<\/div>\n<\/div>\n\n<div class=\"rt-col-md-4 rt-col-sm-6 rt-col-xs-12 default rt-grid-hover-item rt-grid-item\" data-id=\"702\">\n\t<div class=\"rt-holder tpg-post-holder \">\n\t\t<div class=\"rt-detail rt-el-content-wrapper\">\n\t\t\t\t\t\t\t<div class=\"rt-img-holder tpg-el-image-wrap has-no-thumbnail\">\n\t\t\t\t\t<a data-id=\"702\" href=\"https:\/\/bfb.mk\/?p=702\" class=\"tpg-post-link\" target=\"_self\"><img loading=\"lazy\" class='rt-img-responsive' src='https:\/\/bfb.mk\/wp-content\/uploads\/2025\/07\/Ja-IMAM-Ja-HYSEN-1024x729.jpg' width=\"1024\" height=\"729\" alt='Ja Imam Ja Hysen!'>\t\t\n\t\t<\/a>\n\t\t        <div class=\"overlay grid-hover-content\"><\/div>\n\t\t\t\t\t\t<\/div>\n\t\t\t\n\t\t\t<div class=\"grid-hover-content\">\n\t\t\t\t<div class=\"entry-title-wrapper\"><h3 class=\"entry-title\"><a data-id=\"702\" href=\"https:\/\/bfb.mk\/?p=702\" class=\"tpg-post-link\" target=\"_self\">Ja Imam Ja Hysen!<\/a><\/h3><\/div>\n\t\t\t\t\t\t\t\t\t<div class=\"post-meta-tags rt-el-post-meta\">\n\t\t\t\t\t\t            <span class='date'>\n\t\t\t\t<i class='far fa-calendar-alt '><\/i>\t\t\t\t                    <a href=\"https:\/\/bfb.mk\/?m=20250709\">\n\t\t\t\t\tJuly 9, 2025\t\t\t\t<\/a>\n\t\t\t\t\t\t\t<\/span>\n\t\t\t            <span class='categories-links'>\n\t\t\t\t<i class='fas fa-folder-open '><\/i><a class=\"blog\" href=\"https:\/\/bfb.mk\/?cat=1\">Blog<\/a><span class=\"rt-separator\">,<\/span><a class=\"lajme\" href=\"https:\/\/bfb.mk\/?cat=17\">Lajme<\/a><span class=\"rt-separator\">,<\/span><a class=\"njoftime\" href=\"https:\/\/bfb.mk\/?cat=16\">Njoftime<\/a>\t\t\t<\/span>\n\t\t\t\t\t\t\t\t<\/div>\n\t\t\t\t\n\t\t\t\t\t\t\t\t\t<div class=\"tpg-excerpt tpg-el-excerpt\">\n\t\t\t\t\t\t\t\t\t\t\t\t\t<div class=\"tpg-excerpt-inner\">\n\t\t\t\t\t\t\t\tT\u00eb dashur besimtar\u00eb, ashik\u00eb e myhib\u00eb bektashinj\u00eb, si\u00e7 e dini bota Islame dhe Bektashinjt kan\u00eb...\t\t\t\t\t\t\t<\/div>\n\t\t\t\t\t\t\t\t\t\t\t\t\t\t\t\t\t<\/div>\n\t\t\t\t\n\t\t\t\t        <div class=\"post-footer\">\n            <div class=\"post-footer\">\n                <div class=\"read-more\">\n\t\t\t\t\t<a data-id=\"702\" href=\"https:\/\/bfb.mk\/?p=702\" class=\"tpg-post-link\" target=\"_self\">Read More<\/a>                <\/div>\n            <\/div>\n        <\/div>\n\t\t\t\t\t<\/div>\n\t\t<\/div>\n\t<\/div>\n<\/div>\n\n<div class=\"rt-col-md-4 rt-col-sm-6 rt-col-xs-12 default rt-grid-hover-item rt-grid-item\" data-id=\"695\">\n\t<div class=\"rt-holder tpg-post-holder \">\n\t\t<div class=\"rt-detail rt-el-content-wrapper\">\n\t\t\t\t\t\t\t<div class=\"rt-img-holder tpg-el-image-wrap has-no-thumbnail\">\n\t\t\t\t\t<a data-id=\"695\" href=\"https:\/\/bfb.mk\/?p=695\" class=\"tpg-post-link\" target=\"_self\"><img loading=\"lazy\" class='rt-img-responsive' src='https:\/\/bfb.mk\/wp-content\/uploads\/2025\/06\/Imam-Hyseni-ne-Qerbela.jpg' width=\"808\" height=\"960\" alt='JA IMAM!'>\t\t\n\t\t<\/a>\n\t\t        <div class=\"overlay grid-hover-content\"><\/div>\n\t\t\t\t\t\t<\/div>\n\t\t\t\n\t\t\t<div class=\"grid-hover-content\">\n\t\t\t\t<div class=\"entry-title-wrapper\"><h3 class=\"entry-title\"><a data-id=\"695\" href=\"https:\/\/bfb.mk\/?p=695\" class=\"tpg-post-link\" target=\"_self\">JA IMAM!<\/a><\/h3><\/div>\n\t\t\t\t\t\t\t\t\t<div class=\"post-meta-tags rt-el-post-meta\">\n\t\t\t\t\t\t            <span class='date'>\n\t\t\t\t<i class='far fa-calendar-alt '><\/i>\t\t\t\t                    <a href=\"https:\/\/bfb.mk\/?m=20250622\">\n\t\t\t\t\tJune 22, 2025\t\t\t\t<\/a>\n\t\t\t\t\t\t\t<\/span>\n\t\t\t            <span class='categories-links'>\n\t\t\t\t<i class='fas fa-folder-open '><\/i><a class=\"blog\" href=\"https:\/\/bfb.mk\/?cat=1\">Blog<\/a><span class=\"rt-separator\">,<\/span><a class=\"njoftime\" href=\"https:\/\/bfb.mk\/?cat=16\">Njoftime<\/a>\t\t\t<\/span>\n\t\t\t\t\t\t\t\t<\/div>\n\t\t\t\t\n\t\t\t\t\t\t\t\t\t<div class=\"tpg-excerpt tpg-el-excerpt\">\n\t\t\t\t\t\t\t\t\t\t\t\t\t<div class=\"tpg-excerpt-inner\">\n\t\t\t\t\t\t\t\tGjyshata Bektashiane e Maqedonis\u00eb s\u00eb Veriut njofton t\u00eb gjith\u00eb besimtar\u00ebt bektashinj q\u00eb m\u00eb dat\u00eb 27...\t\t\t\t\t\t\t<\/div>\n\t\t\t\t\t\t\t\t\t\t\t\t\t\t\t\t\t<\/div>\n\t\t\t\t\n\t\t\t\t        <div class=\"post-footer\">\n            <div class=\"post-footer\">\n                <div class=\"read-more\">\n\t\t\t\t\t<a data-id=\"695\" href=\"https:\/\/bfb.mk\/?p=695\" class=\"tpg-post-link\" target=\"_self\">Read More<\/a>                <\/div>\n            <\/div>\n        <\/div>\n\t\t\t\t\t<\/div>\n\t\t<\/div>\n\t<\/div>\n<\/div>\n\n<div class=\"rt-col-md-4 rt-col-sm-6 rt-col-xs-12 default rt-grid-hover-item rt-grid-item\" data-id=\"691\">\n\t<div class=\"rt-holder tpg-post-holder \">\n\t\t<div class=\"rt-detail rt-el-content-wrapper\">\n\t\t\t\t\t\t\t<div class=\"rt-img-holder tpg-el-image-wrap has-no-thumbnail\">\n\t\t\t\t\t<a data-id=\"691\" href=\"https:\/\/bfb.mk\/?p=691\" class=\"tpg-post-link\" target=\"_self\"><img loading=\"lazy\" class='rt-img-responsive' src='https:\/\/bfb.mk\/wp-content\/uploads\/2025\/05\/standard_naim-frasheri-736x1024.jpg' width=\"736\" height=\"1024\" alt='DIT\u00cbLINDJA E NAIM FRASH\u00cbRIT \u2013 KRENARIA E BEKTASHIZMIT SHQIPTAR'>\t\t\n\t\t<\/a>\n\t\t        <div class=\"overlay grid-hover-content\"><\/div>\n\t\t\t\t\t\t<\/div>\n\t\t\t\n\t\t\t<div class=\"grid-hover-content\">\n\t\t\t\t<div class=\"entry-title-wrapper\"><h3 class=\"entry-title\"><a data-id=\"691\" href=\"https:\/\/bfb.mk\/?p=691\" class=\"tpg-post-link\" target=\"_self\">DIT\u00cbLINDJA E NAIM FRASH\u00cbRIT \u2013 KRENARIA E BEKTASHIZMIT SHQIPTAR<\/a><\/h3><\/div>\n\t\t\t\t\t\t\t\t\t<div class=\"post-meta-tags rt-el-post-meta\">\n\t\t\t\t\t\t            <span class='date'>\n\t\t\t\t<i class='far fa-calendar-alt '><\/i>\t\t\t\t                    <a href=\"https:\/\/bfb.mk\/?m=20250525\">\n\t\t\t\t\tMay 25, 2025\t\t\t\t<\/a>\n\t\t\t\t\t\t\t<\/span>\n\t\t\t            <span class='categories-links'>\n\t\t\t\t<i class='fas fa-folder-open '><\/i><a class=\"blog\" href=\"https:\/\/bfb.mk\/?cat=1\">Blog<\/a><span class=\"rt-separator\">,<\/span><a class=\"lajme\" href=\"https:\/\/bfb.mk\/?cat=17\">Lajme<\/a>\t\t\t<\/span>\n\t\t\t\t\t\t\t\t<\/div>\n\t\t\t\t\n\t\t\t\t\t\t\t\t\t<div class=\"tpg-excerpt tpg-el-excerpt\">\n\t\t\t\t\t\t\t\t\t\t\t\t\t<div class=\"tpg-excerpt-inner\">\n\t\t\t\t\t\t\t\tN\u00eb agun e nj\u00eb pranvere, m\u00eb 25 maj, lindi ai q\u00eb do t\u00eb b\u00ebhej drita e mendjes dhe shpirtit shqiptar \u2013...\t\t\t\t\t\t\t<\/div>\n\t\t\t\t\t\t\t\t\t\t\t\t\t\t\t\t\t<\/div>\n\t\t\t\t\n\t\t\t\t        <div class=\"post-footer\">\n            <div class=\"post-footer\">\n                <div class=\"read-more\">\n\t\t\t\t\t<a data-id=\"691\" href=\"https:\/\/bfb.mk\/?p=691\" class=\"tpg-post-link\" target=\"_self\">Read More<\/a>                <\/div>\n            <\/div>\n        <\/div>\n\t\t\t\t\t<\/div>\n\t\t<\/div>\n\t<\/div>\n<\/div>\n\n<div class=\"rt-col-md-4 rt-col-sm-6 rt-col-xs-12 default rt-grid-hover-item rt-grid-item\" data-id=\"687\">\n\t<div class=\"rt-holder tpg-post-holder \">\n\t\t<div class=\"rt-detail rt-el-content-wrapper\">\n\t\t\t\t\t\t\t<div class=\"rt-img-holder tpg-el-image-wrap has-no-thumbnail\">\n\t\t\t\t\t<a data-id=\"687\" href=\"https:\/\/bfb.mk\/?p=687\" class=\"tpg-post-link\" target=\"_self\"><img loading=\"lazy\" class='rt-img-responsive' src='https:\/\/bfb.mk\/wp-content\/uploads\/2025\/05\/sk-1024x960.jpg' width=\"1024\" height=\"960\" alt='Sh\u00ebn Gjergji!'>\t\t\n\t\t<\/a>\n\t\t        <div class=\"overlay grid-hover-content\"><\/div>\n\t\t\t\t\t\t<\/div>\n\t\t\t\n\t\t\t<div class=\"grid-hover-content\">\n\t\t\t\t<div class=\"entry-title-wrapper\"><h3 class=\"entry-title\"><a data-id=\"687\" href=\"https:\/\/bfb.mk\/?p=687\" class=\"tpg-post-link\" target=\"_self\">Sh\u00ebn Gjergji!<\/a><\/h3><\/div>\n\t\t\t\t\t\t\t\t\t<div class=\"post-meta-tags rt-el-post-meta\">\n\t\t\t\t\t\t            <span class='date'>\n\t\t\t\t<i class='far fa-calendar-alt '><\/i>\t\t\t\t                    <a href=\"https:\/\/bfb.mk\/?m=20250506\">\n\t\t\t\t\tMay 6, 2025\t\t\t\t<\/a>\n\t\t\t\t\t\t\t<\/span>\n\t\t\t            <span class='categories-links'>\n\t\t\t\t<i class='fas fa-folder-open '><\/i><a class=\"blog\" href=\"https:\/\/bfb.mk\/?cat=1\">Blog<\/a>\t\t\t<\/span>\n\t\t\t\t\t\t\t\t<\/div>\n\t\t\t\t\n\t\t\t\t\t\t\t\t\t<div class=\"tpg-excerpt tpg-el-excerpt\">\n\t\t\t\t\t\t\t\t\t\t\t\t\t<div class=\"tpg-excerpt-inner\">\n\t\t\t\t\t\t\t\tT\u00eb dashur besimtar\u00eb, ashik\u00eb e myhib\u00eb bektashinj\u00eb,N\u00eb em\u00ebr t\u00eb Bashk\u00ebsis\u00eb Fetare Bektashiane n\u00eb...\t\t\t\t\t\t\t<\/div>\n\t\t\t\t\t\t\t\t\t\t\t\t\t\t\t\t\t<\/div>\n\t\t\t\t\n\t\t\t\t        <div class=\"post-footer\">\n            <div class=\"post-footer\">\n                <div class=\"read-more\">\n\t\t\t\t\t<a data-id=\"687\" href=\"https:\/\/bfb.mk\/?p=687\" class=\"tpg-post-link\" target=\"_self\">Read More<\/a>                <\/div>\n            <\/div>\n        <\/div>\n\t\t\t\t\t<\/div>\n\t\t<\/div>\n\t<\/div>\n<\/div>\n\n<div class=\"rt-col-md-4 rt-col-sm-6 rt-col-xs-12 default rt-grid-hover-item rt-grid-item\" data-id=\"682\">\n\t<div class=\"rt-holder tpg-post-holder \">\n\t\t<div class=\"rt-detail rt-el-content-wrapper\">\n\t\t\t\t\t\t\t<div class=\"rt-img-holder tpg-el-image-wrap has-no-thumbnail\">\n\t\t\t\t\t<a data-id=\"682\" href=\"https:\/\/bfb.mk\/?p=682\" class=\"tpg-post-link\" target=\"_self\"><img loading=\"lazy\" class='rt-img-responsive' src='https:\/\/bfb.mk\/wp-content\/uploads\/2025\/04\/Baba-Ali-Tomorri.jpg' width=\"853\" height=\"973\" alt='Fjala e Baba Ali Tomorit para pushkatimit: Shqip\u00ebria \u00ebsht\u00eb e t\u00eb gjith\u00ebve, e t\u00eb gjall\u00ebve dhe e t\u00eb vdekurve'>\t\t\n\t\t<\/a>\n\t\t        <div class=\"overlay grid-hover-content\"><\/div>\n\t\t\t\t\t\t<\/div>\n\t\t\t\n\t\t\t<div class=\"grid-hover-content\">\n\t\t\t\t<div class=\"entry-title-wrapper\"><h3 class=\"entry-title\"><a data-id=\"682\" href=\"https:\/\/bfb.mk\/?p=682\" class=\"tpg-post-link\" target=\"_self\">Fjala e Baba Ali Tomorit para pushkatimit: Shqip\u00ebria \u00ebsht\u00eb e t\u00eb gjith\u00ebve, e t\u00eb gjall\u00ebve dhe e t\u00eb vdekurve<\/a><\/h3><\/div>\n\t\t\t\t\t\t\t\t\t<div class=\"post-meta-tags rt-el-post-meta\">\n\t\t\t\t\t\t            <span class='date'>\n\t\t\t\t<i class='far fa-calendar-alt '><\/i>\t\t\t\t                    <a href=\"https:\/\/bfb.mk\/?m=20250404\">\n\t\t\t\t\tApril 4, 2025\t\t\t\t<\/a>\n\t\t\t\t\t\t\t<\/span>\n\t\t\t            <span class='categories-links'>\n\t\t\t\t<i class='fas fa-folder-open '><\/i><a class=\"blog\" href=\"https:\/\/bfb.mk\/?cat=1\">Blog<\/a>\t\t\t<\/span>\n\t\t\t\t\t\t\t\t<\/div>\n\t\t\t\t\n\t\t\t\t\t\t\t\t\t<div class=\"tpg-excerpt tpg-el-excerpt\">\n\t\t\t\t\t\t\t\t\t\t\t\t\t<div class=\"tpg-excerpt-inner\">\n\t\t\t\t\t\t\t\tJa si iu drejtua ai ushtarit t\u00eb tog\u00ebs s\u00eb pushkatimit q\u00eb i ra t\u00eb fik\u00ebt pasi nuk donte t\u00eb q\u00ebllonte mbi...\t\t\t\t\t\t\t<\/div>\n\t\t\t\t\t\t\t\t\t\t\t\t\t\t\t\t\t<\/div>\n\t\t\t\t\n\t\t\t\t        <div class=\"post-footer\">\n            <div class=\"post-footer\">\n                <div class=\"read-more\">\n\t\t\t\t\t<a data-id=\"682\" href=\"https:\/\/bfb.mk\/?p=682\" class=\"tpg-post-link\" target=\"_self\">Read More<\/a>                <\/div>\n            <\/div>\n        <\/div>\n\t\t\t\t\t<\/div>\n\t\t<\/div>\n\t<\/div>\n<\/div>\n\n<div class=\"rt-col-md-4 rt-col-sm-6 rt-col-xs-12 default rt-grid-hover-item rt-grid-item\" data-id=\"679\">\n\t<div class=\"rt-holder tpg-post-holder \">\n\t\t<div class=\"rt-detail rt-el-content-wrapper\">\n\t\t\t\t\t\t\t<div class=\"rt-img-holder tpg-el-image-wrap has-no-thumbnail\">\n\t\t\t\t\t<a data-id=\"679\" href=\"https:\/\/bfb.mk\/?p=679\" class=\"tpg-post-link\" target=\"_self\"><img loading=\"lazy\" class='rt-img-responsive' src='https:\/\/bfb.mk\/wp-content\/uploads\/2025\/04\/Baba-Reshat-Bardhi.jpeg' width=\"452\" height=\"678\" alt='2 Prill 2025 \u2013 N\u00eb p\u00ebrkujtim t\u00eb Haxhi Dede Reshat Bardhit (1935\u20132011)'>\t\t\n\t\t<\/a>\n\t\t        <div class=\"overlay grid-hover-content\"><\/div>\n\t\t\t\t\t\t<\/div>\n\t\t\t\n\t\t\t<div class=\"grid-hover-content\">\n\t\t\t\t<div class=\"entry-title-wrapper\"><h3 class=\"entry-title\"><a data-id=\"679\" href=\"https:\/\/bfb.mk\/?p=679\" class=\"tpg-post-link\" target=\"_self\">2 Prill 2025 \u2013 N\u00eb p\u00ebrkujtim t\u00eb Haxhi Dede Reshat Bardhit (1935\u20132011)<\/a><\/h3><\/div>\n\t\t\t\t\t\t\t\t\t<div class=\"post-meta-tags rt-el-post-meta\">\n\t\t\t\t\t\t            <span class='date'>\n\t\t\t\t<i class='far fa-calendar-alt '><\/i>\t\t\t\t                    <a href=\"https:\/\/bfb.mk\/?m=20250404\">\n\t\t\t\t\tApril 4, 2025\t\t\t\t<\/a>\n\t\t\t\t\t\t\t<\/span>\n\t\t\t            <span class='categories-links'>\n\t\t\t\t<i class='fas fa-folder-open '><\/i><a class=\"blog\" href=\"https:\/\/bfb.mk\/?cat=1\">Blog<\/a>\t\t\t<\/span>\n\t\t\t\t\t\t\t\t<\/div>\n\t\t\t\t\n\t\t\t\t\t\t\t\t\t<div class=\"tpg-excerpt tpg-el-excerpt\">\n\t\t\t\t\t\t\t\t\t\t\t\t\t<div class=\"tpg-excerpt-inner\">\n\t\t\t\t\t\t\t\t14 vite nga ndarja nga jeta e Kryegjyshit Bot\u00ebror Bektashian M\u00eb 2 Prill t\u00eb vitit 2025, komuniteti...\t\t\t\t\t\t\t<\/div>\n\t\t\t\t\t\t\t\t\t\t\t\t\t\t\t\t\t<\/div>\n\t\t\t\t\n\t\t\t\t        <div class=\"post-footer\">\n            <div class=\"post-footer\">\n                <div class=\"read-more\">\n\t\t\t\t\t<a data-id=\"679\" href=\"https:\/\/bfb.mk\/?p=679\" class=\"tpg-post-link\" target=\"_self\">Read More<\/a>                <\/div>\n            <\/div>\n        <\/div>\n\t\t\t\t\t<\/div>\n\t\t<\/div>\n\t<\/div>\n<\/div>\n\n<div class=\"rt-col-md-4 rt-col-sm-6 rt-col-xs-12 default rt-grid-hover-item rt-grid-item\" data-id=\"675\">\n\t<div class=\"rt-holder tpg-post-holder \">\n\t\t<div class=\"rt-detail rt-el-content-wrapper\">\n\t\t\t\t\t\t\t<div class=\"rt-img-holder tpg-el-image-wrap has-no-thumbnail\">\n\t\t\t\t\t<a data-id=\"675\" href=\"https:\/\/bfb.mk\/?p=675\" class=\"tpg-post-link\" target=\"_self\"><img loading=\"lazy\" class='rt-img-responsive' src='https:\/\/bfb.mk\/wp-content\/uploads\/2025\/04\/imam-ali-Qabe.jpg' width=\"1024\" height=\"634\" alt='Sultan Nevruzi'>\t\t\n\t\t<\/a>\n\t\t        <div class=\"overlay grid-hover-content\"><\/div>\n\t\t\t\t\t\t<\/div>\n\t\t\t\n\t\t\t<div class=\"grid-hover-content\">\n\t\t\t\t<div class=\"entry-title-wrapper\"><h3 class=\"entry-title\"><a data-id=\"675\" href=\"https:\/\/bfb.mk\/?p=675\" class=\"tpg-post-link\" target=\"_self\">Sultan Nevruzi<\/a><\/h3><\/div>\n\t\t\t\t\t\t\t\t\t<div class=\"post-meta-tags rt-el-post-meta\">\n\t\t\t\t\t\t            <span class='date'>\n\t\t\t\t<i class='far fa-calendar-alt '><\/i>\t\t\t\t                    <a href=\"https:\/\/bfb.mk\/?m=20250404\">\n\t\t\t\t\tApril 4, 2025\t\t\t\t<\/a>\n\t\t\t\t\t\t\t<\/span>\n\t\t\t            <span class='categories-links'>\n\t\t\t\t<i class='fas fa-folder-open '><\/i><a class=\"blog\" href=\"https:\/\/bfb.mk\/?cat=1\">Blog<\/a>\t\t\t<\/span>\n\t\t\t\t\t\t\t\t<\/div>\n\t\t\t\t\n\t\t\t\t\t\t\t\t\t<div class=\"tpg-excerpt tpg-el-excerpt\">\n\t\t\t\t\t\t\t\t\t\t\t\t\t<div class=\"tpg-excerpt-inner\">\n\t\t\t\t\t\t\t\tSultan Nevruzi Njoftohen t\u00eb gjith\u00eb besimtar\u00ebt bektashi t\u00eb Gjyshat\u00ebs s\u00eb Maqedonis\u00eb se m\u00eb dat\u00eb 22 mars...\t\t\t\t\t\t\t<\/div>\n\t\t\t\t\t\t\t\t\t\t\t\t\t\t\t\t\t<\/div>\n\t\t\t\t\n\t\t\t\t        <div class=\"post-footer\">\n            <div class=\"post-footer\">\n                <div class=\"read-more\">\n\t\t\t\t\t<a data-id=\"675\" href=\"https:\/\/bfb.mk\/?p=675\" class=\"tpg-post-link\" target=\"_self\">Read More<\/a>                <\/div>\n            <\/div>\n        <\/div>\n\t\t\t\t\t<\/div>\n\t\t<\/div>\n\t<\/div>\n<\/div>\n            <\/div>\n\n\t\t\t        <\/div>\n\t\t\t\t\t\t<\/div>\n\t\t\t\t<\/div>\n\t\t\t\t<\/div>\n\t\t<div class=\"elementor-element elementor-element-fbca377 e-con-full e-flex e-con e-child\" data-id=\"fbca377\" data-element_type=\"container\" data-e-type=\"container\">\n\t\t\t\t<div class=\"elementor-element elementor-element-59b2e5b elementor-widget elementor-widget-sidebar\" data-id=\"59b2e5b\" data-element_type=\"widget\" data-e-type=\"widget\" data-widget_type=\"sidebar.default\">\n\t\t\t\t<div class=\"elementor-widget-container\">\n\t\t\t\t\t<div id=\"block-29\" class=\"sidebar-box widget_block clr\">\n<h2 class=\"wp-block-heading\">Bashk\u00ebsia Fetare Bektashiane <\/h2>\n<\/div><div id=\"block-30\" class=\"sidebar-box widget_block widget_text clr\">\n<p>Kryetari i Bashk\u00ebsis\u00eb Fetare Bektashiane n\u00eb Republik\u00ebn e Maqedonis\u00eb s\u00eb Veriut: Baba Ejup Rakipi\u200b<\/p>\n<\/div><div id=\"block-31\" class=\"sidebar-box widget_block widget_media_image clr\">\n<figure class=\"wp-block-image size-full\"><img fetchpriority=\"high\" decoding=\"async\" fetchpriority=\"high\" width=\"443\" height=\"672\" src=\"https:\/\/bfb.mk\/wp-content\/uploads\/2023\/12\/1.png\" alt=\"\" class=\"wp-image-234\" srcset=\"https:\/\/bfb.mk\/wp-content\/uploads\/2023\/12\/1.png 443w, https:\/\/bfb.mk\/wp-content\/uploads\/2023\/12\/1-198x300.png 198w\" sizes=\"(max-width: 443px) 100vw, 443px\" \/><\/figure>\n<\/div>\t\t\t\t<\/div>\n\t\t\t\t<\/div>\n\t\t\t\t<\/div>\n\t\t\t\t\t<\/div>\n\t\t\t\t<\/div>\n\t\t\t\t<\/div>\n\t\t","protected":false},"excerpt":{"rendered":"<p>LAJMET E FUNDIT : 40 dit\u00eb pa Baba Ejupin January 2, 2024 Njoftime \u201cEsht m\u2019af\u00ebr se vetja Ai, mos e kujto t\u00eb ndar\u00eb, Atje e k\u00ebrko, se e ke p\u00ebr t\u00eb par\u00eb,. N\u00eb shpirt e ke&#8230; Read More Bismilahi Rrahmani Rrahim! January 2, 2024 Njoftime Me shum\u00eb keqardhje dhe dhimbje, ju njoftojm se sot me [&hellip;]<\/p>\n","protected":false},"author":2,"featured_media":0,"parent":0,"menu_order":0,"comment_status":"closed","ping_status":"closed","template":"","meta":{"footnotes":""},"class_list":["post-200","page","type-page","status-publish","hentry","entry"],"rttpg_featured_image_url":null,"rttpg_author":{"display_name":"Genc Ibraimi","author_link":"https:\/\/bfb.mk\/?author=2"},"rttpg_comment":0,"rttpg_category":"","rttpg_excerpt":"LAJMET E FUNDIT : 40 dit\u00eb pa Baba Ejupin January 2, 2024 Njoftime \u201cEsht m\u2019af\u00ebr se vetja Ai, mos e kujto t\u00eb ndar\u00eb, Atje e k\u00ebrko, se e ke p\u00ebr t\u00eb par\u00eb,. N\u00eb shpirt e ke&#8230; Read More Bismilahi Rrahmani Rrahim! January 2, 2024 Njoftime Me shum\u00eb keqardhje dhe dhimbje, ju njoftojm se sot me&hellip;","_links":{"self":[{"href":"https:\/\/bfb.mk\/index.php?rest_route=\/wp\/v2\/pages\/200","targetHints":{"allow":["GET"]}}],"collection":[{"href":"https:\/\/bfb.mk\/index.php?rest_route=\/wp\/v2\/pages"}],"about":[{"href":"https:\/\/bfb.mk\/index.php?rest_route=\/wp\/v2\/types\/page"}],"author":[{"embeddable":true,"href":"https:\/\/bfb.mk\/index.php?rest_route=\/wp\/v2\/users\/2"}],"replies":[{"embeddable":true,"href":"https:\/\/bfb.mk\/index.php?rest_route=%2Fwp%2Fv2%2Fcomments&post=200"}],"version-history":[{"count":67,"href":"https:\/\/bfb.mk\/index.php?rest_route=\/wp\/v2\/pages\/200\/revisions"}],"predecessor-version":[{"id":518,"href":"https:\/\/bfb.mk\/index.php?rest_route=\/wp\/v2\/pages\/200\/revisions\/518"}],"wp:attachment":[{"href":"https:\/\/bfb.mk\/index.php?rest_route=%2Fwp%2Fv2%2Fmedia&parent=200"}],"curies":[{"name":"wp","href":"https:\/\/api.w.org\/{rel}","templated":true}]}}