{"id":205,"date":"2023-12-22T09:13:36","date_gmt":"2023-12-22T09:13:36","guid":{"rendered":"https:\/\/bfb.mk\/?page_id=205"},"modified":"2024-06-06T21:45:50","modified_gmt":"2024-06-06T21:45:50","slug":"njoftime","status":"publish","type":"page","link":"https:\/\/bfb.mk\/?page_id=205","title":{"rendered":"NJOFTIME"},"content":{"rendered":"\t\t<div data-elementor-type=\"wp-page\" data-elementor-id=\"205\" class=\"elementor elementor-205\">\n\t\t\t\t<div class=\"elementor-element elementor-element-df0dfc8 e-flex e-con-boxed e-con e-parent\" data-id=\"df0dfc8\" data-element_type=\"container\" data-e-type=\"container\">\n\t\t\t\t\t<div class=\"e-con-inner\">\n\t\t\t\t<div class=\"elementor-element elementor-element-a4a2c7d section-title-align-center meta-visibility-show section-title-style-style1 title_position_default title_hover_border_default title-default img_hover_animation_default meta_position_default tpg-category-position-default readmore-btn-default-style grid-hover-overlay-type-always tpg-el-box-border-enable tpg-border-bottom-disable elementor-widget elementor-widget-tpg-list-layout\" data-id=\"a4a2c7d\" data-element_type=\"widget\" data-e-type=\"widget\" data-widget_type=\"tpg-list-layout.default\">\n\t\t\t\t<div class=\"elementor-widget-container\">\n\t\t\t\t\t\n        <div class=\"rt-container-fluid rt-tpg-container tpg-el-main-wrapper list-layout1-main \"\n             data-sc-id=\"elementor\"\n             id=\"rt-tpg-container-3809248167\"\n             data-layout=\"list-layout1\"\n             data-grid-style=\"tpg-even\"\n             data-el-settings=''\n             data-el-query=''\n             data-el-path=''\n        >\n\t\t\t            <div class='tpg-header-wrapper '>\n\t\t\t\t\n        <div class=\"tpg-widget-heading-wrapper rt-clear heading-style1 \">\n            <span class=\"tpg-widget-heading-line line-left\"><\/span>\n\t\t\t<h2 class='tpg-widget-heading'>\n\t\t\t\n\t\t\t\t                    <span>\n\t\t\t\t\t\tNjoftime\t\t\t\t\t<\/span>\n\t\t\t\t\t\n\t\t\t\t\t\t\t<\/h2>            <span class=\"tpg-widget-heading-line line-right\"><\/span>\n\n\t\t\t\n        <\/div>\n\n\t\t\n\t\t            <\/div>\n\n            <div data-title=\"Loading ...\" class=\"rt-row rt-content-loader list-layout1 tpg-even list-behaviour list-layout-wrapper\">\n\t\t\t\t\n<div class=\"rt-col-md-12 rt-col-sm-12 rt-col-xs-12 default rt-list-item rt-grid-item\" data-id=\"702\">\n\t<div class=\"rt-holder tpg-post-holder \">\n\t\t<div class=\"rt-detail rt-el-content-wrapper\">\n\t\t\t\t\t\t\t<div class=\"rt-img-holder tpg-el-image-wrap has-no-thumbnail\">\n\t\t\t\t\t<a data-id=\"702\" href=\"https:\/\/bfb.mk\/?p=702\" class=\"tpg-post-link\" target=\"_self\"><img fetchpriority=\"high\" class='rt-img-responsive' src='https:\/\/bfb.mk\/wp-content\/uploads\/2025\/07\/Ja-IMAM-Ja-HYSEN-1024x729.jpg' width=\"1024\" height=\"729\" alt='Ja Imam Ja Hysen!'>\t\t\n\t\t<\/a>\n\t\t        <div class=\"overlay grid-hover-content\"><\/div>\n\t\t\t\t\t\t<\/div>\n\t\t\t\n\t\t\t<div class=\"post-right-content\">\n\t\t\t\t<div class=\"entry-title-wrapper\"><h3 class=\"entry-title\"><a data-id=\"702\" href=\"https:\/\/bfb.mk\/?p=702\" class=\"tpg-post-link\" target=\"_self\">Ja Imam Ja Hysen!<\/a><\/h3><\/div>\n\t\t\t\t\t\t\t\t\t<div class=\"post-meta-tags rt-el-post-meta\">\n\t\t\t\t\t\t            <span class='date'>\n\t\t\t\t<i class='far fa-calendar-alt '><\/i>\t\t\t\t                    <a href=\"https:\/\/bfb.mk\/?m=20250709\">\n\t\t\t\t\tJuly 9, 2025\t\t\t\t<\/a>\n\t\t\t\t\t\t\t<\/span>\n\t\t\t            <span class='categories-links'>\n\t\t\t\t<i class='fas fa-folder-open '><\/i><a class=\"blog\" href=\"https:\/\/bfb.mk\/?cat=1\">Blog<\/a><span class=\"rt-separator\">,<\/span><a class=\"lajme\" href=\"https:\/\/bfb.mk\/?cat=17\">Lajme<\/a><span class=\"rt-separator\">,<\/span><a class=\"njoftime\" href=\"https:\/\/bfb.mk\/?cat=16\">Njoftime<\/a>\t\t\t<\/span>\n\t\t\t\t\t\t\t\t<\/div>\n\t\t\t\t\n\t\t\t\t\t\t\t\t\t<div class=\"tpg-excerpt tpg-el-excerpt\">\n\t\t\t\t\t\t\t\t\t\t\t\t\t<div class=\"tpg-excerpt-inner\">\n\t\t\t\t\t\t\t\tT\u00eb dashur besimtar\u00eb, ashik\u00eb e myhib\u00eb bektashinj\u00eb, si\u00e7 e dini bota Islame dhe Bektashinjt kan\u00eb...\t\t\t\t\t\t\t<\/div>\n\t\t\t\t\t\t\t\t\t\t\t\t\t\t\t\t\t<\/div>\n\t\t\t\t\n\t\t\t\t        <div class=\"post-footer\">\n            <div class=\"post-footer\">\n                <div class=\"read-more\">\n\t\t\t\t\t<a data-id=\"702\" href=\"https:\/\/bfb.mk\/?p=702\" class=\"tpg-post-link\" target=\"_self\">Read More<\/a>                <\/div>\n            <\/div>\n        <\/div>\n\t\t\t\t\t<\/div>\n\t\t<\/div>\n\t<\/div>\n<\/div>\n\n<div class=\"rt-col-md-12 rt-col-sm-12 rt-col-xs-12 default rt-list-item rt-grid-item\" data-id=\"695\">\n\t<div class=\"rt-holder tpg-post-holder \">\n\t\t<div class=\"rt-detail rt-el-content-wrapper\">\n\t\t\t\t\t\t\t<div class=\"rt-img-holder tpg-el-image-wrap has-no-thumbnail\">\n\t\t\t\t\t<a data-id=\"695\" href=\"https:\/\/bfb.mk\/?p=695\" class=\"tpg-post-link\" target=\"_self\"><img class='rt-img-responsive' src='https:\/\/bfb.mk\/wp-content\/uploads\/2025\/06\/Imam-Hyseni-ne-Qerbela.jpg' width=\"808\" height=\"960\" alt='JA IMAM!'>\t\t\n\t\t<\/a>\n\t\t        <div class=\"overlay grid-hover-content\"><\/div>\n\t\t\t\t\t\t<\/div>\n\t\t\t\n\t\t\t<div class=\"post-right-content\">\n\t\t\t\t<div class=\"entry-title-wrapper\"><h3 class=\"entry-title\"><a data-id=\"695\" href=\"https:\/\/bfb.mk\/?p=695\" class=\"tpg-post-link\" target=\"_self\">JA IMAM!<\/a><\/h3><\/div>\n\t\t\t\t\t\t\t\t\t<div class=\"post-meta-tags rt-el-post-meta\">\n\t\t\t\t\t\t            <span class='date'>\n\t\t\t\t<i class='far fa-calendar-alt '><\/i>\t\t\t\t                    <a href=\"https:\/\/bfb.mk\/?m=20250622\">\n\t\t\t\t\tJune 22, 2025\t\t\t\t<\/a>\n\t\t\t\t\t\t\t<\/span>\n\t\t\t            <span class='categories-links'>\n\t\t\t\t<i class='fas fa-folder-open '><\/i><a class=\"blog\" href=\"https:\/\/bfb.mk\/?cat=1\">Blog<\/a><span class=\"rt-separator\">,<\/span><a class=\"njoftime\" href=\"https:\/\/bfb.mk\/?cat=16\">Njoftime<\/a>\t\t\t<\/span>\n\t\t\t\t\t\t\t\t<\/div>\n\t\t\t\t\n\t\t\t\t\t\t\t\t\t<div class=\"tpg-excerpt tpg-el-excerpt\">\n\t\t\t\t\t\t\t\t\t\t\t\t\t<div class=\"tpg-excerpt-inner\">\n\t\t\t\t\t\t\t\tGjyshata Bektashiane e Maqedonis\u00eb s\u00eb Veriut njofton t\u00eb gjith\u00eb besimtar\u00ebt bektashinj q\u00eb m\u00eb dat\u00eb 27...\t\t\t\t\t\t\t<\/div>\n\t\t\t\t\t\t\t\t\t\t\t\t\t\t\t\t\t<\/div>\n\t\t\t\t\n\t\t\t\t        <div class=\"post-footer\">\n            <div class=\"post-footer\">\n                <div class=\"read-more\">\n\t\t\t\t\t<a data-id=\"695\" href=\"https:\/\/bfb.mk\/?p=695\" class=\"tpg-post-link\" target=\"_self\">Read More<\/a>                <\/div>\n            <\/div>\n        <\/div>\n\t\t\t\t\t<\/div>\n\t\t<\/div>\n\t<\/div>\n<\/div>\n\n<div class=\"rt-col-md-12 rt-col-sm-12 rt-col-xs-12 default rt-list-item rt-grid-item\" data-id=\"645\">\n\t<div class=\"rt-holder tpg-post-holder \">\n\t\t<div class=\"rt-detail rt-el-content-wrapper\">\n\t\t\t\t\t\t\t<div class=\"rt-img-holder tpg-el-image-wrap has-no-thumbnail\">\n\t\t\t\t\t<a data-id=\"645\" href=\"https:\/\/bfb.mk\/?p=645\" class=\"tpg-post-link\" target=\"_self\"><img class='rt-img-responsive' src='https:\/\/bfb.mk\/wp-content\/uploads\/2024\/01\/Imam-Hussain.png' width=\"961\" height=\"639\" alt='Matemi dhe Dita e Ashures!'>\t\t\n\t\t<\/a>\n\t\t        <div class=\"overlay grid-hover-content\"><\/div>\n\t\t\t\t\t\t<\/div>\n\t\t\t\n\t\t\t<div class=\"post-right-content\">\n\t\t\t\t<div class=\"entry-title-wrapper\"><h3 class=\"entry-title\"><a data-id=\"645\" href=\"https:\/\/bfb.mk\/?p=645\" class=\"tpg-post-link\" target=\"_self\">Matemi dhe Dita e Ashures!<\/a><\/h3><\/div>\n\t\t\t\t\t\t\t\t\t<div class=\"post-meta-tags rt-el-post-meta\">\n\t\t\t\t\t\t            <span class='date'>\n\t\t\t\t<i class='far fa-calendar-alt '><\/i>\t\t\t\t                    <a href=\"https:\/\/bfb.mk\/?m=20240716\">\n\t\t\t\t\tJuly 16, 2024\t\t\t\t<\/a>\n\t\t\t\t\t\t\t<\/span>\n\t\t\t            <span class='categories-links'>\n\t\t\t\t<i class='fas fa-folder-open '><\/i><a class=\"lajme\" href=\"https:\/\/bfb.mk\/?cat=17\">Lajme<\/a><span class=\"rt-separator\">,<\/span><a class=\"njoftime\" href=\"https:\/\/bfb.mk\/?cat=16\">Njoftime<\/a>\t\t\t<\/span>\n\t\t\t\t\t\t\t\t<\/div>\n\t\t\t\t\n\t\t\t\t\t\t\t\t\t<div class=\"tpg-excerpt tpg-el-excerpt\">\n\t\t\t\t\t\t\t\t\t\t\t\t\t<div class=\"tpg-excerpt-inner\">\n\t\t\t\t\t\t\t\tT\u00eb dashur besimtar\u00eb, ashik\u00eb e myhib\u00eb bektashinj\u00eb, p\u00ebr 10 dit\u00eb, ne, bota bektashiane mbajt\u00ebm Matem...\t\t\t\t\t\t\t<\/div>\n\t\t\t\t\t\t\t\t\t\t\t\t\t\t\t\t\t<\/div>\n\t\t\t\t\n\t\t\t\t        <div class=\"post-footer\">\n            <div class=\"post-footer\">\n                <div class=\"read-more\">\n\t\t\t\t\t<a data-id=\"645\" href=\"https:\/\/bfb.mk\/?p=645\" class=\"tpg-post-link\" target=\"_self\">Read More<\/a>                <\/div>\n            <\/div>\n        <\/div>\n\t\t\t\t\t<\/div>\n\t\t<\/div>\n\t<\/div>\n<\/div>\n\n<div class=\"rt-col-md-12 rt-col-sm-12 rt-col-xs-12 default rt-list-item rt-grid-item\" data-id=\"640\">\n\t<div class=\"rt-holder tpg-post-holder \">\n\t\t<div class=\"rt-detail rt-el-content-wrapper\">\n\t\t\t\t\t\t\t<div class=\"rt-img-holder tpg-el-image-wrap has-no-thumbnail\">\n\t\t\t\t\t<a data-id=\"640\" href=\"https:\/\/bfb.mk\/?p=640\" class=\"tpg-post-link\" target=\"_self\"><img loading=\"lazy\" class='rt-img-responsive' src='https:\/\/bfb.mk\/wp-content\/uploads\/2024\/07\/Imam-Hyseni.jpg' width=\"413\" height=\"640\" alt='JA IMAM!'>\t\t\n\t\t<\/a>\n\t\t        <div class=\"overlay grid-hover-content\"><\/div>\n\t\t\t\t\t\t<\/div>\n\t\t\t\n\t\t\t<div class=\"post-right-content\">\n\t\t\t\t<div class=\"entry-title-wrapper\"><h3 class=\"entry-title\"><a data-id=\"640\" href=\"https:\/\/bfb.mk\/?p=640\" class=\"tpg-post-link\" target=\"_self\">JA IMAM!<\/a><\/h3><\/div>\n\t\t\t\t\t\t\t\t\t<div class=\"post-meta-tags rt-el-post-meta\">\n\t\t\t\t\t\t            <span class='date'>\n\t\t\t\t<i class='far fa-calendar-alt '><\/i>\t\t\t\t                    <a href=\"https:\/\/bfb.mk\/?m=20240705\">\n\t\t\t\t\tJuly 5, 2024\t\t\t\t<\/a>\n\t\t\t\t\t\t\t<\/span>\n\t\t\t            <span class='categories-links'>\n\t\t\t\t<i class='fas fa-folder-open '><\/i><a class=\"njoftime\" href=\"https:\/\/bfb.mk\/?cat=16\">Njoftime<\/a>\t\t\t<\/span>\n\t\t\t\t\t\t\t\t<\/div>\n\t\t\t\t\n\t\t\t\t\t\t\t\t\t<div class=\"tpg-excerpt tpg-el-excerpt\">\n\t\t\t\t\t\t\t\t\t\t\t\t\t<div class=\"tpg-excerpt-inner\">\n\t\t\t\t\t\t\t\tGjyshata Bektashiane e Maqedonis\u00eb s\u00eb Veriut njofton t\u00eb gjith\u00eb besimtar\u00ebt bektashinj q\u00eb nes\u00ebr (e...\t\t\t\t\t\t\t<\/div>\n\t\t\t\t\t\t\t\t\t\t\t\t\t\t\t\t\t<\/div>\n\t\t\t\t\n\t\t\t\t        <div class=\"post-footer\">\n            <div class=\"post-footer\">\n                <div class=\"read-more\">\n\t\t\t\t\t<a data-id=\"640\" href=\"https:\/\/bfb.mk\/?p=640\" class=\"tpg-post-link\" target=\"_self\">Read More<\/a>                <\/div>\n            <\/div>\n        <\/div>\n\t\t\t\t\t<\/div>\n\t\t<\/div>\n\t<\/div>\n<\/div>\n\n<div class=\"rt-col-md-12 rt-col-sm-12 rt-col-xs-12 default rt-list-item rt-grid-item\" data-id=\"571\">\n\t<div class=\"rt-holder tpg-post-holder \">\n\t\t<div class=\"rt-detail rt-el-content-wrapper\">\n\t\t\t\t\t\t\t<div class=\"rt-img-holder tpg-el-image-wrap has-no-thumbnail\">\n\t\t\t\t\t<a data-id=\"571\" href=\"https:\/\/bfb.mk\/?p=571\" class=\"tpg-post-link\" target=\"_self\"><img loading=\"lazy\" class='rt-img-responsive' src='https:\/\/bfb.mk\/wp-content\/uploads\/2024\/03\/Hazrati-Ali-667x1024.jpg' width=\"667\" height=\"1024\" alt='Njoftim p\u00ebr Fest\u00ebn e Sulltan Nevruzit !'>\t\t\n\t\t<\/a>\n\t\t        <div class=\"overlay grid-hover-content\"><\/div>\n\t\t\t\t\t\t<\/div>\n\t\t\t\n\t\t\t<div class=\"post-right-content\">\n\t\t\t\t<div class=\"entry-title-wrapper\"><h3 class=\"entry-title\"><a data-id=\"571\" href=\"https:\/\/bfb.mk\/?p=571\" class=\"tpg-post-link\" target=\"_self\">Njoftim p\u00ebr Fest\u00ebn e Sulltan Nevruzit !<\/a><\/h3><\/div>\n\t\t\t\t\t\t\t\t\t<div class=\"post-meta-tags rt-el-post-meta\">\n\t\t\t\t\t\t            <span class='date'>\n\t\t\t\t<i class='far fa-calendar-alt '><\/i>\t\t\t\t                    <a href=\"https:\/\/bfb.mk\/?m=20240320\">\n\t\t\t\t\tMarch 20, 2024\t\t\t\t<\/a>\n\t\t\t\t\t\t\t<\/span>\n\t\t\t            <span class='categories-links'>\n\t\t\t\t<i class='fas fa-folder-open '><\/i><a class=\"njoftime\" href=\"https:\/\/bfb.mk\/?cat=16\">Njoftime<\/a>\t\t\t<\/span>\n\t\t\t\t\t\t\t\t<\/div>\n\t\t\t\t\n\t\t\t\t\t\t\t\t\t<div class=\"tpg-excerpt tpg-el-excerpt\">\n\t\t\t\t\t\t\t\t\t\t\t\t\t<div class=\"tpg-excerpt-inner\">\n\t\t\t\t\t\t\t\tNjoftim! Njoftohen t\u00eb gjith\u00eb besimtar\u00ebt e Gjyshat\u00ebs s\u00eb Maqedonis\u00eb se m\u00eb dat\u00eb 22 Mars \u00ebsht\u00eb...\t\t\t\t\t\t\t<\/div>\n\t\t\t\t\t\t\t\t\t\t\t\t\t\t\t\t\t<\/div>\n\t\t\t\t\n\t\t\t\t        <div class=\"post-footer\">\n            <div class=\"post-footer\">\n                <div class=\"read-more\">\n\t\t\t\t\t<a data-id=\"571\" href=\"https:\/\/bfb.mk\/?p=571\" class=\"tpg-post-link\" target=\"_self\">Read More<\/a>                <\/div>\n            <\/div>\n        <\/div>\n\t\t\t\t\t<\/div>\n\t\t<\/div>\n\t<\/div>\n<\/div>\n\n<div class=\"rt-col-md-12 rt-col-sm-12 rt-col-xs-12 default rt-list-item rt-grid-item\" data-id=\"375\">\n\t<div class=\"rt-holder tpg-post-holder \">\n\t\t<div class=\"rt-detail rt-el-content-wrapper\">\n\t\t\t\t\t\t\t<div class=\"rt-img-holder tpg-el-image-wrap has-no-thumbnail\">\n\t\t\t\t\t<a data-id=\"375\" href=\"https:\/\/bfb.mk\/?p=375\" class=\"tpg-post-link\" target=\"_self\"><img loading=\"lazy\" class='rt-img-responsive' src='https:\/\/bfb.mk\/wp-content\/uploads\/2023\/12\/Baba-Ejup-Rakipi-1024x1024.jpg' width=\"1024\" height=\"1024\" alt='40 dit\u00eb pa Baba Ejupin'>\t\t\n\t\t<\/a>\n\t\t        <div class=\"overlay grid-hover-content\"><\/div>\n\t\t\t\t\t\t<\/div>\n\t\t\t\n\t\t\t<div class=\"post-right-content\">\n\t\t\t\t<div class=\"entry-title-wrapper\"><h3 class=\"entry-title\"><a data-id=\"375\" href=\"https:\/\/bfb.mk\/?p=375\" class=\"tpg-post-link\" target=\"_self\">40 dit\u00eb pa Baba Ejupin<\/a><\/h3><\/div>\n\t\t\t\t\t\t\t\t\t<div class=\"post-meta-tags rt-el-post-meta\">\n\t\t\t\t\t\t            <span class='date'>\n\t\t\t\t<i class='far fa-calendar-alt '><\/i>\t\t\t\t                    <a href=\"https:\/\/bfb.mk\/?m=20240102\">\n\t\t\t\t\tJanuary 2, 2024\t\t\t\t<\/a>\n\t\t\t\t\t\t\t<\/span>\n\t\t\t            <span class='categories-links'>\n\t\t\t\t<i class='fas fa-folder-open '><\/i><a class=\"njoftime\" href=\"https:\/\/bfb.mk\/?cat=16\">Njoftime<\/a>\t\t\t<\/span>\n\t\t\t\t\t\t\t\t<\/div>\n\t\t\t\t\n\t\t\t\t\t\t\t\t\t<div class=\"tpg-excerpt tpg-el-excerpt\">\n\t\t\t\t\t\t\t\t\t\t\t\t\t<div class=\"tpg-excerpt-inner\">\n\t\t\t\t\t\t\t\t\u201cEsht m\u2019af\u00ebr se vetja Ai, mos e kujto t\u00eb ndar\u00eb, Atje e k\u00ebrko, se e ke p\u00ebr t\u00eb par\u00eb,. N\u00eb shpirt e ke...\t\t\t\t\t\t\t<\/div>\n\t\t\t\t\t\t\t\t\t\t\t\t\t\t\t\t\t<\/div>\n\t\t\t\t\n\t\t\t\t        <div class=\"post-footer\">\n            <div class=\"post-footer\">\n                <div class=\"read-more\">\n\t\t\t\t\t<a data-id=\"375\" href=\"https:\/\/bfb.mk\/?p=375\" class=\"tpg-post-link\" target=\"_self\">Read More<\/a>                <\/div>\n            <\/div>\n        <\/div>\n\t\t\t\t\t<\/div>\n\t\t<\/div>\n\t<\/div>\n<\/div>\n\n<div class=\"rt-col-md-12 rt-col-sm-12 rt-col-xs-12 default rt-list-item rt-grid-item\" data-id=\"372\">\n\t<div class=\"rt-holder tpg-post-holder \">\n\t\t<div class=\"rt-detail rt-el-content-wrapper\">\n\t\t\t\t\t\t\t<div class=\"rt-img-holder tpg-el-image-wrap has-no-thumbnail\">\n\t\t\t\t\t<a data-id=\"372\" href=\"https:\/\/bfb.mk\/?p=372\" class=\"tpg-post-link\" target=\"_self\"><img loading=\"lazy\" class='rt-img-responsive' src='https:\/\/bfb.mk\/wp-content\/uploads\/2024\/01\/382731495_319367074104374_6780520358475614200_n.jpg' width=\"958\" height=\"957\" alt='Bismilahi Rrahmani Rrahim!'>\t\t\n\t\t<\/a>\n\t\t        <div class=\"overlay grid-hover-content\"><\/div>\n\t\t\t\t\t\t<\/div>\n\t\t\t\n\t\t\t<div class=\"post-right-content\">\n\t\t\t\t<div class=\"entry-title-wrapper\"><h3 class=\"entry-title\"><a data-id=\"372\" href=\"https:\/\/bfb.mk\/?p=372\" class=\"tpg-post-link\" target=\"_self\">Bismilahi Rrahmani Rrahim!<\/a><\/h3><\/div>\n\t\t\t\t\t\t\t\t\t<div class=\"post-meta-tags rt-el-post-meta\">\n\t\t\t\t\t\t            <span class='date'>\n\t\t\t\t<i class='far fa-calendar-alt '><\/i>\t\t\t\t                    <a href=\"https:\/\/bfb.mk\/?m=20240102\">\n\t\t\t\t\tJanuary 2, 2024\t\t\t\t<\/a>\n\t\t\t\t\t\t\t<\/span>\n\t\t\t            <span class='categories-links'>\n\t\t\t\t<i class='fas fa-folder-open '><\/i><a class=\"njoftime\" href=\"https:\/\/bfb.mk\/?cat=16\">Njoftime<\/a>\t\t\t<\/span>\n\t\t\t\t\t\t\t\t<\/div>\n\t\t\t\t\n\t\t\t\t\t\t\t\t\t<div class=\"tpg-excerpt tpg-el-excerpt\">\n\t\t\t\t\t\t\t\t\t\t\t\t\t<div class=\"tpg-excerpt-inner\">\n\t\t\t\t\t\t\t\tMe shum\u00eb keqardhje dhe dhimbje, ju njoftojm se sot me dat\u00eb 24.09.2023 n\u00eb or\u00ebt e drek\u00ebs nd\u00ebrroji jet\u00eb...\t\t\t\t\t\t\t<\/div>\n\t\t\t\t\t\t\t\t\t\t\t\t\t\t\t\t\t<\/div>\n\t\t\t\t\n\t\t\t\t        <div class=\"post-footer\">\n            <div class=\"post-footer\">\n                <div class=\"read-more\">\n\t\t\t\t\t<a data-id=\"372\" href=\"https:\/\/bfb.mk\/?p=372\" class=\"tpg-post-link\" target=\"_self\">Read More<\/a>                <\/div>\n            <\/div>\n        <\/div>\n\t\t\t\t\t<\/div>\n\t\t<\/div>\n\t<\/div>\n<\/div>\n\n<div class=\"rt-col-md-12 rt-col-sm-12 rt-col-xs-12 default rt-list-item rt-grid-item\" data-id=\"359\">\n\t<div class=\"rt-holder tpg-post-holder \">\n\t\t<div class=\"rt-detail rt-el-content-wrapper\">\n\t\t\t\t\t\t\t<div class=\"rt-img-holder tpg-el-image-wrap has-no-thumbnail\">\n\t\t\t\t\t<a data-id=\"359\" href=\"https:\/\/bfb.mk\/?p=359\" class=\"tpg-post-link\" target=\"_self\"><img loading=\"lazy\" class='rt-img-responsive' src='https:\/\/bfb.mk\/wp-content\/uploads\/2024\/01\/Abaz-Ali-Imam-Hysein.jpg' width=\"1024\" height=\"759\" alt='NJOFTIM!'>\t\t\n\t\t<\/a>\n\t\t        <div class=\"overlay grid-hover-content\"><\/div>\n\t\t\t\t\t\t<\/div>\n\t\t\t\n\t\t\t<div class=\"post-right-content\">\n\t\t\t\t<div class=\"entry-title-wrapper\"><h3 class=\"entry-title\"><a data-id=\"359\" href=\"https:\/\/bfb.mk\/?p=359\" class=\"tpg-post-link\" target=\"_self\">NJOFTIM!<\/a><\/h3><\/div>\n\t\t\t\t\t\t\t\t\t<div class=\"post-meta-tags rt-el-post-meta\">\n\t\t\t\t\t\t            <span class='date'>\n\t\t\t\t<i class='far fa-calendar-alt '><\/i>\t\t\t\t                    <a href=\"https:\/\/bfb.mk\/?m=20240102\">\n\t\t\t\t\tJanuary 2, 2024\t\t\t\t<\/a>\n\t\t\t\t\t\t\t<\/span>\n\t\t\t            <span class='categories-links'>\n\t\t\t\t<i class='fas fa-folder-open '><\/i><a class=\"njoftime\" href=\"https:\/\/bfb.mk\/?cat=16\">Njoftime<\/a>\t\t\t<\/span>\n\t\t\t\t\t\t\t\t<\/div>\n\t\t\t\t\n\t\t\t\t\t\t\t\t\t<div class=\"tpg-excerpt tpg-el-excerpt\">\n\t\t\t\t\t\t\t\t\t\t\t\t\t<div class=\"tpg-excerpt-inner\">\n\t\t\t\t\t\t\t\tGjyshata Bektashiane e Maqedonis\u00eb njofton t\u00eb gjith\u00eb besimtar\u00ebt bektashinj q\u00eb sot n\u00eb ora 14:00 fillon...\t\t\t\t\t\t\t<\/div>\n\t\t\t\t\t\t\t\t\t\t\t\t\t\t\t\t\t<\/div>\n\t\t\t\t\n\t\t\t\t        <div class=\"post-footer\">\n            <div class=\"post-footer\">\n                <div class=\"read-more\">\n\t\t\t\t\t<a data-id=\"359\" href=\"https:\/\/bfb.mk\/?p=359\" class=\"tpg-post-link\" target=\"_self\">Read More<\/a>                <\/div>\n            <\/div>\n        <\/div>\n\t\t\t\t\t<\/div>\n\t\t<\/div>\n\t<\/div>\n<\/div>\n\n<div class=\"rt-col-md-12 rt-col-sm-12 rt-col-xs-12 default rt-list-item rt-grid-item\" data-id=\"356\">\n\t<div class=\"rt-holder tpg-post-holder \">\n\t\t<div class=\"rt-detail rt-el-content-wrapper\">\n\t\t\t\t\t\t\t<div class=\"rt-img-holder tpg-el-image-wrap has-no-thumbnail\">\n\t\t\t\t\t<a data-id=\"356\" href=\"https:\/\/bfb.mk\/?p=356\" class=\"tpg-post-link\" target=\"_self\"><img loading=\"lazy\" class='rt-img-responsive' src='https:\/\/bfb.mk\/wp-content\/uploads\/2024\/01\/Imam-Hussain.png' width=\"961\" height=\"639\" alt='Festa e Ashures'>\t\t\n\t\t<\/a>\n\t\t        <div class=\"overlay grid-hover-content\"><\/div>\n\t\t\t\t\t\t<\/div>\n\t\t\t\n\t\t\t<div class=\"post-right-content\">\n\t\t\t\t<div class=\"entry-title-wrapper\"><h3 class=\"entry-title\"><a data-id=\"356\" href=\"https:\/\/bfb.mk\/?p=356\" class=\"tpg-post-link\" target=\"_self\">Festa e Ashures<\/a><\/h3><\/div>\n\t\t\t\t\t\t\t\t\t<div class=\"post-meta-tags rt-el-post-meta\">\n\t\t\t\t\t\t            <span class='date'>\n\t\t\t\t<i class='far fa-calendar-alt '><\/i>\t\t\t\t                    <a href=\"https:\/\/bfb.mk\/?m=20240102\">\n\t\t\t\t\tJanuary 2, 2024\t\t\t\t<\/a>\n\t\t\t\t\t\t\t<\/span>\n\t\t\t            <span class='categories-links'>\n\t\t\t\t<i class='fas fa-folder-open '><\/i><a class=\"njoftime\" href=\"https:\/\/bfb.mk\/?cat=16\">Njoftime<\/a>\t\t\t<\/span>\n\t\t\t\t\t\t\t\t<\/div>\n\t\t\t\t\n\t\t\t\t\t\t\t\t\t<div class=\"tpg-excerpt tpg-el-excerpt\">\n\t\t\t\t\t\t\t\t\t\t\t\t\t<div class=\"tpg-excerpt-inner\">\n\t\t\t\t\t\t\t\tSot me dat\u00eb 28.07.2023 Bektashinjt sh\u00ebnojn\u00eb dit\u00ebn e Ashures, ku pas 10 dit\u00ebve t\u00eb Matemit n\u00eb teqe...\t\t\t\t\t\t\t<\/div>\n\t\t\t\t\t\t\t\t\t\t\t\t\t\t\t\t\t<\/div>\n\t\t\t\t\n\t\t\t\t        <div class=\"post-footer\">\n            <div class=\"post-footer\">\n                <div class=\"read-more\">\n\t\t\t\t\t<a data-id=\"356\" href=\"https:\/\/bfb.mk\/?p=356\" class=\"tpg-post-link\" target=\"_self\">Read More<\/a>                <\/div>\n            <\/div>\n        <\/div>\n\t\t\t\t\t<\/div>\n\t\t<\/div>\n\t<\/div>\n<\/div>\n            <\/div>\n\n\t\t\t\n        <\/div>\n\t\t\t\t\t\t<\/div>\n\t\t\t\t<\/div>\n\t\t\t\t\t<\/div>\n\t\t\t\t<\/div>\n\t\t\t\t<\/div>\n\t\t","protected":false},"excerpt":{"rendered":"<p>Njoftime Njoftim p\u00ebr Fest\u00ebn e Sulltan Nevruzit ! March 20, 2024 Njoftime Njoftim! Njoftohen t\u00eb gjith\u00eb besimtar\u00ebt e Gjyshat\u00ebs s\u00eb Maqedonis\u00eb se m\u00eb dat\u00eb 22 Mars \u00ebsht\u00eb&#8230; Read More 40 dit\u00eb pa Baba Ejupin January 2, 2024 Njoftime \u201cEsht m\u2019af\u00ebr se vetja Ai, mos e kujto t\u00eb ndar\u00eb, Atje e k\u00ebrko, se e ke p\u00ebr [&hellip;]<\/p>\n","protected":false},"author":2,"featured_media":0,"parent":0,"menu_order":0,"comment_status":"closed","ping_status":"closed","template":"","meta":{"footnotes":""},"class_list":["post-205","page","type-page","status-publish","hentry","entry"],"rttpg_featured_image_url":null,"rttpg_author":{"display_name":"Genc Ibraimi","author_link":"https:\/\/bfb.mk\/?author=2"},"rttpg_comment":0,"rttpg_category":"","rttpg_excerpt":"Njoftime Njoftim p\u00ebr Fest\u00ebn e Sulltan Nevruzit ! March 20, 2024 Njoftime Njoftim! Njoftohen t\u00eb gjith\u00eb besimtar\u00ebt e Gjyshat\u00ebs s\u00eb Maqedonis\u00eb se m\u00eb dat\u00eb 22 Mars \u00ebsht\u00eb&#8230; Read More 40 dit\u00eb pa Baba Ejupin January 2, 2024 Njoftime \u201cEsht m\u2019af\u00ebr se vetja Ai, mos e kujto t\u00eb ndar\u00eb, Atje e k\u00ebrko, se e ke p\u00ebr&hellip;","_links":{"self":[{"href":"https:\/\/bfb.mk\/index.php?rest_route=\/wp\/v2\/pages\/205","targetHints":{"allow":["GET"]}}],"collection":[{"href":"https:\/\/bfb.mk\/index.php?rest_route=\/wp\/v2\/pages"}],"about":[{"href":"https:\/\/bfb.mk\/index.php?rest_route=\/wp\/v2\/types\/page"}],"author":[{"embeddable":true,"href":"https:\/\/bfb.mk\/index.php?rest_route=\/wp\/v2\/users\/2"}],"replies":[{"embeddable":true,"href":"https:\/\/bfb.mk\/index.php?rest_route=%2Fwp%2Fv2%2Fcomments&post=205"}],"version-history":[{"count":25,"href":"https:\/\/bfb.mk\/index.php?rest_route=\/wp\/v2\/pages\/205\/revisions"}],"predecessor-version":[{"id":632,"href":"https:\/\/bfb.mk\/index.php?rest_route=\/wp\/v2\/pages\/205\/revisions\/632"}],"wp:attachment":[{"href":"https:\/\/bfb.mk\/index.php?rest_route=%2Fwp%2Fv2%2Fmedia&parent=205"}],"curies":[{"name":"wp","href":"https:\/\/api.w.org\/{rel}","templated":true}]}}