{"id":207,"date":"2023-12-22T09:13:55","date_gmt":"2023-12-22T09:13:55","guid":{"rendered":"https:\/\/bfb.mk\/?page_id=207"},"modified":"2024-06-06T21:35:26","modified_gmt":"2024-06-06T21:35:26","slug":"lajme","status":"publish","type":"page","link":"https:\/\/bfb.mk\/?page_id=207","title":{"rendered":"LAJME"},"content":{"rendered":"\t\t<div data-elementor-type=\"wp-page\" data-elementor-id=\"207\" class=\"elementor elementor-207\">\n\t\t\t\t<div class=\"elementor-element elementor-element-ebcf115 e-flex e-con-boxed e-con e-parent\" data-id=\"ebcf115\" data-element_type=\"container\" data-e-type=\"container\">\n\t\t\t\t\t<div class=\"e-con-inner\">\n\t\t\t\t\t<\/div>\n\t\t\t\t<\/div>\n\t\t<div class=\"elementor-element elementor-element-07214ca e-flex e-con-boxed e-con e-parent\" data-id=\"07214ca\" data-element_type=\"container\" data-e-type=\"container\">\n\t\t\t\t\t<div class=\"e-con-inner\">\n\t\t\t\t<div class=\"elementor-element elementor-element-6896f1a meta-visibility-show section-title-style-style1 title_position_default title_hover_border_default title-default img_hover_animation_default meta_position_default tpg-category-position-default readmore-btn-default-style grid-hover-overlay-type-always tpg-el-box-border-enable tpg-border-bottom-disable elementor-widget elementor-widget-tpg-list-layout\" data-id=\"6896f1a\" data-element_type=\"widget\" data-e-type=\"widget\" data-widget_type=\"tpg-list-layout.default\">\n\t\t\t\t<div class=\"elementor-widget-container\">\n\t\t\t\t\t\n        <div class=\"rt-container-fluid rt-tpg-container tpg-el-main-wrapper list-layout1-main \"\n             data-sc-id=\"elementor\"\n             id=\"rt-tpg-container-975346325\"\n             data-layout=\"list-layout1\"\n             data-grid-style=\"tpg-even\"\n             data-el-settings=''\n             data-el-query=''\n             data-el-path=''\n        >\n\t\t\t            <div class='tpg-header-wrapper '>\n\t\t\t\t\n        <div class=\"tpg-widget-heading-wrapper rt-clear heading-style1 \">\n            <span class=\"tpg-widget-heading-line line-left\"><\/span>\n\t\t\t<h2 class='tpg-widget-heading'>\n\t\t\t\n\t\t\t\t                    <span>\n\t\t\t\t\t\tLajme\t\t\t\t\t<\/span>\n\t\t\t\t\t\n\t\t\t\t\t\t\t<\/h2>            <span class=\"tpg-widget-heading-line line-right\"><\/span>\n\n\t\t\t\n        <\/div>\n\n\t\t\n\t\t            <\/div>\n\n            <div data-title=\"Loading ...\" class=\"rt-row rt-content-loader list-layout1 tpg-even list-behaviour list-layout-wrapper\">\n\t\t\t\t\n<div class=\"rt-col-md-12 rt-col-sm-12 rt-col-xs-12 default rt-list-item rt-grid-item\" data-id=\"714\">\n\t<div class=\"rt-holder tpg-post-holder \">\n\t\t<div class=\"rt-detail rt-el-content-wrapper\">\n\t\t\t\t\t\t\t<div class=\"rt-img-holder tpg-el-image-wrap has-no-thumbnail\">\n\t\t\t\t\t<a data-id=\"714\" href=\"https:\/\/bfb.mk\/?p=714\" class=\"tpg-post-link\" target=\"_self\"><img fetchpriority=\"high\" class='rt-img-responsive' src='https:\/\/bfb.mk\/wp-content\/uploads\/2025\/12\/BFB-2026.jpg' width=\"1024\" height=\"1024\" alt='G\u00ebzuar Vitin e Ri 2026!'>\t\t\n\t\t<\/a>\n\t\t        <div class=\"overlay grid-hover-content\"><\/div>\n\t\t\t\t\t\t<\/div>\n\t\t\t\n\t\t\t<div class=\"post-right-content\">\n\t\t\t\t<div class=\"entry-title-wrapper\"><h3 class=\"entry-title\"><a data-id=\"714\" href=\"https:\/\/bfb.mk\/?p=714\" class=\"tpg-post-link\" target=\"_self\">G\u00ebzuar Vitin e Ri 2026!<\/a><\/h3><\/div>\n\t\t\t\t\t\t\t\t\t<div class=\"post-meta-tags rt-el-post-meta\">\n\t\t\t\t\t\t            <span class='date'>\n\t\t\t\t<i class='far fa-calendar-alt '><\/i>\t\t\t\t                    <a href=\"https:\/\/bfb.mk\/?m=20251231\">\n\t\t\t\t\tDecember 31, 2025\t\t\t\t<\/a>\n\t\t\t\t\t\t\t<\/span>\n\t\t\t            <span class='categories-links'>\n\t\t\t\t<i class='fas fa-folder-open '><\/i><a class=\"blog\" href=\"https:\/\/bfb.mk\/?cat=1\">Blog<\/a><span class=\"rt-separator\">,<\/span><a class=\"lajme\" href=\"https:\/\/bfb.mk\/?cat=17\">Lajme<\/a>\t\t\t<\/span>\n\t\t\t\t\t\t\t\t<\/div>\n\t\t\t\t\n\t\t\t\t\t\t\t\t\t<div class=\"tpg-excerpt tpg-el-excerpt\">\n\t\t\t\t\t\t\t\t\t\t\t\t\t<div class=\"tpg-excerpt-inner\">\n\t\t\t\t\t\t\t\t...\t\t\t\t\t\t\t<\/div>\n\t\t\t\t\t\t\t\t\t\t\t\t\t\t\t\t\t<\/div>\n\t\t\t\t\n\t\t\t\t        <div class=\"post-footer\">\n            <div class=\"post-footer\">\n                <div class=\"read-more\">\n\t\t\t\t\t<a data-id=\"714\" href=\"https:\/\/bfb.mk\/?p=714\" class=\"tpg-post-link\" target=\"_self\">Read More<\/a>                <\/div>\n            <\/div>\n        <\/div>\n\t\t\t\t\t<\/div>\n\t\t<\/div>\n\t<\/div>\n<\/div>\n\n<div class=\"rt-col-md-12 rt-col-sm-12 rt-col-xs-12 default rt-list-item rt-grid-item\" data-id=\"711\">\n\t<div class=\"rt-holder tpg-post-holder \">\n\t\t<div class=\"rt-detail rt-el-content-wrapper\">\n\t\t\t\t\t\t\t<div class=\"rt-img-holder tpg-el-image-wrap has-no-thumbnail\">\n\t\t\t\t\t<a data-id=\"711\" href=\"https:\/\/bfb.mk\/?p=711\" class=\"tpg-post-link\" target=\"_self\"><img class='rt-img-responsive' src='https:\/\/bfb.mk\/wp-content\/uploads\/2024\/04\/BFB-LOGO-OFFICIAL-724x1024.png' width=\"724\" height=\"1024\" alt='Urim nga Bashk\u00ebsia Fetare Bektashiane Selia \u2013 K\u00ebr\u00e7ov\u00eb, Maqedonia e Veriut'>\t\t\n\t\t<\/a>\n\t\t        <div class=\"overlay grid-hover-content\"><\/div>\n\t\t\t\t\t\t<\/div>\n\t\t\t\n\t\t\t<div class=\"post-right-content\">\n\t\t\t\t<div class=\"entry-title-wrapper\"><h3 class=\"entry-title\"><a data-id=\"711\" href=\"https:\/\/bfb.mk\/?p=711\" class=\"tpg-post-link\" target=\"_self\">Urim nga Bashk\u00ebsia Fetare Bektashiane Selia \u2013 K\u00ebr\u00e7ov\u00eb, Maqedonia e Veriut<\/a><\/h3><\/div>\n\t\t\t\t\t\t\t\t\t<div class=\"post-meta-tags rt-el-post-meta\">\n\t\t\t\t\t\t            <span class='date'>\n\t\t\t\t<i class='far fa-calendar-alt '><\/i>\t\t\t\t                    <a href=\"https:\/\/bfb.mk\/?m=20251122\">\n\t\t\t\t\tNovember 22, 2025\t\t\t\t<\/a>\n\t\t\t\t\t\t\t<\/span>\n\t\t\t            <span class='categories-links'>\n\t\t\t\t<i class='fas fa-folder-open '><\/i><a class=\"blog\" href=\"https:\/\/bfb.mk\/?cat=1\">Blog<\/a><span class=\"rt-separator\">,<\/span><a class=\"lajme\" href=\"https:\/\/bfb.mk\/?cat=17\">Lajme<\/a>\t\t\t<\/span>\n\t\t\t\t\t\t\t\t<\/div>\n\t\t\t\t\n\t\t\t\t\t\t\t\t\t<div class=\"tpg-excerpt tpg-el-excerpt\">\n\t\t\t\t\t\t\t\t\t\t\t\t\t<div class=\"tpg-excerpt-inner\">\n\t\t\t\t\t\t\t\tMe rastin e 22 N\u00ebntorit \u2013 Dit\u00ebs s\u00eb Alfabetit Shqiptar! N\u00eb drit\u00ebn e paqes, urt\u00ebsis\u00eb dhe dashuris\u00eb...\t\t\t\t\t\t\t<\/div>\n\t\t\t\t\t\t\t\t\t\t\t\t\t\t\t\t\t<\/div>\n\t\t\t\t\n\t\t\t\t        <div class=\"post-footer\">\n            <div class=\"post-footer\">\n                <div class=\"read-more\">\n\t\t\t\t\t<a data-id=\"711\" href=\"https:\/\/bfb.mk\/?p=711\" class=\"tpg-post-link\" target=\"_self\">Read More<\/a>                <\/div>\n            <\/div>\n        <\/div>\n\t\t\t\t\t<\/div>\n\t\t<\/div>\n\t<\/div>\n<\/div>\n\n<div class=\"rt-col-md-12 rt-col-sm-12 rt-col-xs-12 default rt-list-item rt-grid-item\" data-id=\"702\">\n\t<div class=\"rt-holder tpg-post-holder \">\n\t\t<div class=\"rt-detail rt-el-content-wrapper\">\n\t\t\t\t\t\t\t<div class=\"rt-img-holder tpg-el-image-wrap has-no-thumbnail\">\n\t\t\t\t\t<a data-id=\"702\" href=\"https:\/\/bfb.mk\/?p=702\" class=\"tpg-post-link\" target=\"_self\"><img class='rt-img-responsive' src='https:\/\/bfb.mk\/wp-content\/uploads\/2025\/07\/Ja-IMAM-Ja-HYSEN-1024x729.jpg' width=\"1024\" height=\"729\" alt='Ja Imam Ja Hysen!'>\t\t\n\t\t<\/a>\n\t\t        <div class=\"overlay grid-hover-content\"><\/div>\n\t\t\t\t\t\t<\/div>\n\t\t\t\n\t\t\t<div class=\"post-right-content\">\n\t\t\t\t<div class=\"entry-title-wrapper\"><h3 class=\"entry-title\"><a data-id=\"702\" href=\"https:\/\/bfb.mk\/?p=702\" class=\"tpg-post-link\" target=\"_self\">Ja Imam Ja Hysen!<\/a><\/h3><\/div>\n\t\t\t\t\t\t\t\t\t<div class=\"post-meta-tags rt-el-post-meta\">\n\t\t\t\t\t\t            <span class='date'>\n\t\t\t\t<i class='far fa-calendar-alt '><\/i>\t\t\t\t                    <a href=\"https:\/\/bfb.mk\/?m=20250709\">\n\t\t\t\t\tJuly 9, 2025\t\t\t\t<\/a>\n\t\t\t\t\t\t\t<\/span>\n\t\t\t            <span class='categories-links'>\n\t\t\t\t<i class='fas fa-folder-open '><\/i><a class=\"blog\" href=\"https:\/\/bfb.mk\/?cat=1\">Blog<\/a><span class=\"rt-separator\">,<\/span><a class=\"lajme\" href=\"https:\/\/bfb.mk\/?cat=17\">Lajme<\/a><span class=\"rt-separator\">,<\/span><a class=\"njoftime\" href=\"https:\/\/bfb.mk\/?cat=16\">Njoftime<\/a>\t\t\t<\/span>\n\t\t\t\t\t\t\t\t<\/div>\n\t\t\t\t\n\t\t\t\t\t\t\t\t\t<div class=\"tpg-excerpt tpg-el-excerpt\">\n\t\t\t\t\t\t\t\t\t\t\t\t\t<div class=\"tpg-excerpt-inner\">\n\t\t\t\t\t\t\t\tT\u00eb dashur besimtar\u00eb, ashik\u00eb e myhib\u00eb bektashinj\u00eb, si\u00e7 e dini bota Islame dhe Bektashinjt kan\u00eb...\t\t\t\t\t\t\t<\/div>\n\t\t\t\t\t\t\t\t\t\t\t\t\t\t\t\t\t<\/div>\n\t\t\t\t\n\t\t\t\t        <div class=\"post-footer\">\n            <div class=\"post-footer\">\n                <div class=\"read-more\">\n\t\t\t\t\t<a data-id=\"702\" href=\"https:\/\/bfb.mk\/?p=702\" class=\"tpg-post-link\" target=\"_self\">Read More<\/a>                <\/div>\n            <\/div>\n        <\/div>\n\t\t\t\t\t<\/div>\n\t\t<\/div>\n\t<\/div>\n<\/div>\n\n<div class=\"rt-col-md-12 rt-col-sm-12 rt-col-xs-12 default rt-list-item rt-grid-item\" data-id=\"691\">\n\t<div class=\"rt-holder tpg-post-holder \">\n\t\t<div class=\"rt-detail rt-el-content-wrapper\">\n\t\t\t\t\t\t\t<div class=\"rt-img-holder tpg-el-image-wrap has-no-thumbnail\">\n\t\t\t\t\t<a data-id=\"691\" href=\"https:\/\/bfb.mk\/?p=691\" class=\"tpg-post-link\" target=\"_self\"><img loading=\"lazy\" class='rt-img-responsive' src='https:\/\/bfb.mk\/wp-content\/uploads\/2025\/05\/standard_naim-frasheri-736x1024.jpg' width=\"736\" height=\"1024\" alt='DIT\u00cbLINDJA E NAIM FRASH\u00cbRIT \u2013 KRENARIA E BEKTASHIZMIT SHQIPTAR'>\t\t\n\t\t<\/a>\n\t\t        <div class=\"overlay grid-hover-content\"><\/div>\n\t\t\t\t\t\t<\/div>\n\t\t\t\n\t\t\t<div class=\"post-right-content\">\n\t\t\t\t<div class=\"entry-title-wrapper\"><h3 class=\"entry-title\"><a data-id=\"691\" href=\"https:\/\/bfb.mk\/?p=691\" class=\"tpg-post-link\" target=\"_self\">DIT\u00cbLINDJA E NAIM FRASH\u00cbRIT \u2013 KRENARIA E BEKTASHIZMIT SHQIPTAR<\/a><\/h3><\/div>\n\t\t\t\t\t\t\t\t\t<div class=\"post-meta-tags rt-el-post-meta\">\n\t\t\t\t\t\t            <span class='date'>\n\t\t\t\t<i class='far fa-calendar-alt '><\/i>\t\t\t\t                    <a href=\"https:\/\/bfb.mk\/?m=20250525\">\n\t\t\t\t\tMay 25, 2025\t\t\t\t<\/a>\n\t\t\t\t\t\t\t<\/span>\n\t\t\t            <span class='categories-links'>\n\t\t\t\t<i class='fas fa-folder-open '><\/i><a class=\"blog\" href=\"https:\/\/bfb.mk\/?cat=1\">Blog<\/a><span class=\"rt-separator\">,<\/span><a class=\"lajme\" href=\"https:\/\/bfb.mk\/?cat=17\">Lajme<\/a>\t\t\t<\/span>\n\t\t\t\t\t\t\t\t<\/div>\n\t\t\t\t\n\t\t\t\t\t\t\t\t\t<div class=\"tpg-excerpt tpg-el-excerpt\">\n\t\t\t\t\t\t\t\t\t\t\t\t\t<div class=\"tpg-excerpt-inner\">\n\t\t\t\t\t\t\t\tN\u00eb agun e nj\u00eb pranvere, m\u00eb 25 maj, lindi ai q\u00eb do t\u00eb b\u00ebhej drita e mendjes dhe shpirtit shqiptar \u2013...\t\t\t\t\t\t\t<\/div>\n\t\t\t\t\t\t\t\t\t\t\t\t\t\t\t\t\t<\/div>\n\t\t\t\t\n\t\t\t\t        <div class=\"post-footer\">\n            <div class=\"post-footer\">\n                <div class=\"read-more\">\n\t\t\t\t\t<a data-id=\"691\" href=\"https:\/\/bfb.mk\/?p=691\" class=\"tpg-post-link\" target=\"_self\">Read More<\/a>                <\/div>\n            <\/div>\n        <\/div>\n\t\t\t\t\t<\/div>\n\t\t<\/div>\n\t<\/div>\n<\/div>\n\n<div class=\"rt-col-md-12 rt-col-sm-12 rt-col-xs-12 default rt-list-item rt-grid-item\" data-id=\"672\">\n\t<div class=\"rt-holder tpg-post-holder \">\n\t\t<div class=\"rt-detail rt-el-content-wrapper\">\n\t\t\t\t\t\t\t<div class=\"rt-img-holder tpg-el-image-wrap has-no-thumbnail\">\n\t\t\t\t\t<a data-id=\"672\" href=\"https:\/\/bfb.mk\/?p=672\" class=\"tpg-post-link\" target=\"_self\"><img loading=\"lazy\" class='rt-img-responsive' src='https:\/\/bfb.mk\/wp-content\/uploads\/2025\/02\/Baba-Hekuran.jpg' width=\"942\" height=\"714\" alt='Lajm mortor'>\t\t\n\t\t<\/a>\n\t\t        <div class=\"overlay grid-hover-content\"><\/div>\n\t\t\t\t\t\t<\/div>\n\t\t\t\n\t\t\t<div class=\"post-right-content\">\n\t\t\t\t<div class=\"entry-title-wrapper\"><h3 class=\"entry-title\"><a data-id=\"672\" href=\"https:\/\/bfb.mk\/?p=672\" class=\"tpg-post-link\" target=\"_self\">Lajm mortor<\/a><\/h3><\/div>\n\t\t\t\t\t\t\t\t\t<div class=\"post-meta-tags rt-el-post-meta\">\n\t\t\t\t\t\t            <span class='date'>\n\t\t\t\t<i class='far fa-calendar-alt '><\/i>\t\t\t\t                    <a href=\"https:\/\/bfb.mk\/?m=20250204\">\n\t\t\t\t\tFebruary 4, 2025\t\t\t\t<\/a>\n\t\t\t\t\t\t\t<\/span>\n\t\t\t            <span class='categories-links'>\n\t\t\t\t<i class='fas fa-folder-open '><\/i><a class=\"blog\" href=\"https:\/\/bfb.mk\/?cat=1\">Blog<\/a><span class=\"rt-separator\">,<\/span><a class=\"lajme\" href=\"https:\/\/bfb.mk\/?cat=17\">Lajme<\/a>\t\t\t<\/span>\n\t\t\t\t\t\t\t\t<\/div>\n\t\t\t\t\n\t\t\t\t\t\t\t\t\t<div class=\"tpg-excerpt tpg-el-excerpt\">\n\t\t\t\t\t\t\t\t\t\t\t\t\t<div class=\"tpg-excerpt-inner\">\n\t\t\t\t\t\t\t\tKa nd\u00ebrruar jet\u00eb Baba Hekuran nga Teqeja e Baba Aliut, P\u00ebrmetBabai i Teqes\u00eb s\u00eb Baba Aliut n\u00eb...\t\t\t\t\t\t\t<\/div>\n\t\t\t\t\t\t\t\t\t\t\t\t\t\t\t\t\t<\/div>\n\t\t\t\t\n\t\t\t\t        <div class=\"post-footer\">\n            <div class=\"post-footer\">\n                <div class=\"read-more\">\n\t\t\t\t\t<a data-id=\"672\" href=\"https:\/\/bfb.mk\/?p=672\" class=\"tpg-post-link\" target=\"_self\">Read More<\/a>                <\/div>\n            <\/div>\n        <\/div>\n\t\t\t\t\t<\/div>\n\t\t<\/div>\n\t<\/div>\n<\/div>\n\n<div class=\"rt-col-md-12 rt-col-sm-12 rt-col-xs-12 default rt-list-item rt-grid-item\" data-id=\"664\">\n\t<div class=\"rt-holder tpg-post-holder \">\n\t\t<div class=\"rt-detail rt-el-content-wrapper\">\n\t\t\t\t\t\t\t<div class=\"rt-img-holder tpg-el-image-wrap has-no-thumbnail\">\n\t\t\t\t\t<a data-id=\"664\" href=\"https:\/\/bfb.mk\/?p=664\" class=\"tpg-post-link\" target=\"_self\"><img loading=\"lazy\" class='rt-img-responsive' src='https:\/\/bfb.mk\/wp-content\/uploads\/2024\/12\/Baba-Arditi-Baba-Ejupi-Baba-Faiku.jpg' width=\"768\" height=\"769\" alt='Bismilahi Rrahmani Rrahim!'>\t\t\n\t\t<\/a>\n\t\t        <div class=\"overlay grid-hover-content\"><\/div>\n\t\t\t\t\t\t<\/div>\n\t\t\t\n\t\t\t<div class=\"post-right-content\">\n\t\t\t\t<div class=\"entry-title-wrapper\"><h3 class=\"entry-title\"><a data-id=\"664\" href=\"https:\/\/bfb.mk\/?p=664\" class=\"tpg-post-link\" target=\"_self\">Bismilahi Rrahmani Rrahim!<\/a><\/h3><\/div>\n\t\t\t\t\t\t\t\t\t<div class=\"post-meta-tags rt-el-post-meta\">\n\t\t\t\t\t\t            <span class='date'>\n\t\t\t\t<i class='far fa-calendar-alt '><\/i>\t\t\t\t                    <a href=\"https:\/\/bfb.mk\/?m=20241201\">\n\t\t\t\t\tDecember 1, 2024\t\t\t\t<\/a>\n\t\t\t\t\t\t\t<\/span>\n\t\t\t            <span class='categories-links'>\n\t\t\t\t<i class='fas fa-folder-open '><\/i><a class=\"blog\" href=\"https:\/\/bfb.mk\/?cat=1\">Blog<\/a><span class=\"rt-separator\">,<\/span><a class=\"lajme\" href=\"https:\/\/bfb.mk\/?cat=17\">Lajme<\/a>\t\t\t<\/span>\n\t\t\t\t\t\t\t\t<\/div>\n\t\t\t\t\n\t\t\t\t\t\t\t\t\t<div class=\"tpg-excerpt tpg-el-excerpt\">\n\t\t\t\t\t\t\t\t\t\t\t\t\t<div class=\"tpg-excerpt-inner\">\n\t\t\t\t\t\t\t\tT\u00eb dashur besimtar\u00eb bektashinj t\u00eb Elbasanit dhe t\u00eb gjith\u00eb Shqip\u00ebris\u00eb, nuk paska gj\u00eb m\u00eb t\u00eb dhimbshme...\t\t\t\t\t\t\t<\/div>\n\t\t\t\t\t\t\t\t\t\t\t\t\t\t\t\t\t<\/div>\n\t\t\t\t\n\t\t\t\t        <div class=\"post-footer\">\n            <div class=\"post-footer\">\n                <div class=\"read-more\">\n\t\t\t\t\t<a data-id=\"664\" href=\"https:\/\/bfb.mk\/?p=664\" class=\"tpg-post-link\" target=\"_self\">Read More<\/a>                <\/div>\n            <\/div>\n        <\/div>\n\t\t\t\t\t<\/div>\n\t\t<\/div>\n\t<\/div>\n<\/div>\n\n<div class=\"rt-col-md-12 rt-col-sm-12 rt-col-xs-12 default rt-list-item rt-grid-item\" data-id=\"661\">\n\t<div class=\"rt-holder tpg-post-holder \">\n\t\t<div class=\"rt-detail rt-el-content-wrapper\">\n\t\t\t\t\t\t\t<div class=\"rt-img-holder tpg-el-image-wrap has-no-thumbnail\">\n\t\t\t\t\t<a data-id=\"661\" href=\"https:\/\/bfb.mk\/?p=661\" class=\"tpg-post-link\" target=\"_self\"><img loading=\"lazy\" class='rt-img-responsive' src='https:\/\/bfb.mk\/wp-content\/uploads\/2024\/12\/ace4c2b93eae21328323990a4105c70f.jpg' width=\"720\" height=\"960\" alt='Urim p\u00ebr 28 N\u00ebntorin'>\t\t\n\t\t<\/a>\n\t\t        <div class=\"overlay grid-hover-content\"><\/div>\n\t\t\t\t\t\t<\/div>\n\t\t\t\n\t\t\t<div class=\"post-right-content\">\n\t\t\t\t<div class=\"entry-title-wrapper\"><h3 class=\"entry-title\"><a data-id=\"661\" href=\"https:\/\/bfb.mk\/?p=661\" class=\"tpg-post-link\" target=\"_self\">Urim p\u00ebr 28 N\u00ebntorin<\/a><\/h3><\/div>\n\t\t\t\t\t\t\t\t\t<div class=\"post-meta-tags rt-el-post-meta\">\n\t\t\t\t\t\t            <span class='date'>\n\t\t\t\t<i class='far fa-calendar-alt '><\/i>\t\t\t\t                    <a href=\"https:\/\/bfb.mk\/?m=20241201\">\n\t\t\t\t\tDecember 1, 2024\t\t\t\t<\/a>\n\t\t\t\t\t\t\t<\/span>\n\t\t\t            <span class='categories-links'>\n\t\t\t\t<i class='fas fa-folder-open '><\/i><a class=\"blog\" href=\"https:\/\/bfb.mk\/?cat=1\">Blog<\/a><span class=\"rt-separator\">,<\/span><a class=\"lajme\" href=\"https:\/\/bfb.mk\/?cat=17\">Lajme<\/a>\t\t\t<\/span>\n\t\t\t\t\t\t\t\t<\/div>\n\t\t\t\t\n\t\t\t\t\t\t\t\t\t<div class=\"tpg-excerpt tpg-el-excerpt\">\n\t\t\t\t\t\t\t\t\t\t\t\t\t<div class=\"tpg-excerpt-inner\">\n\t\t\t\t\t\t\t\tN\u00eb k\u00ebt\u00eb dit\u00eb t\u00eb shenjt\u00eb dhe t\u00eb lavdishme t\u00eb 28 N\u00ebntorit, Dit\u00ebs s\u00eb Flamurit Komb\u00ebtar dhe t\u00eb...\t\t\t\t\t\t\t<\/div>\n\t\t\t\t\t\t\t\t\t\t\t\t\t\t\t\t\t<\/div>\n\t\t\t\t\n\t\t\t\t        <div class=\"post-footer\">\n            <div class=\"post-footer\">\n                <div class=\"read-more\">\n\t\t\t\t\t<a data-id=\"661\" href=\"https:\/\/bfb.mk\/?p=661\" class=\"tpg-post-link\" target=\"_self\">Read More<\/a>                <\/div>\n            <\/div>\n        <\/div>\n\t\t\t\t\t<\/div>\n\t\t<\/div>\n\t<\/div>\n<\/div>\n\n<div class=\"rt-col-md-12 rt-col-sm-12 rt-col-xs-12 default rt-list-item rt-grid-item\" data-id=\"654\">\n\t<div class=\"rt-holder tpg-post-holder \">\n\t\t<div class=\"rt-detail rt-el-content-wrapper\">\n\t\t\t\t\t\t\t<div class=\"rt-img-holder tpg-el-image-wrap has-no-thumbnail\">\n\t\t\t\t\t<a data-id=\"654\" href=\"https:\/\/bfb.mk\/?p=654\" class=\"tpg-post-link\" target=\"_self\"><img loading=\"lazy\" class='rt-img-responsive' src='https:\/\/bfb.mk\/wp-content\/uploads\/2024\/11\/Kongresi-i-Manastirit-bfb-1-1024x683.jpg' width=\"1024\" height=\"683\" alt='Urimi p\u00ebr 22 N\u00ebntorin \u2013 Dit\u00ebn e Alfabetit Shqiptar'>\t\t\n\t\t<\/a>\n\t\t        <div class=\"overlay grid-hover-content\"><\/div>\n\t\t\t\t\t\t<\/div>\n\t\t\t\n\t\t\t<div class=\"post-right-content\">\n\t\t\t\t<div class=\"entry-title-wrapper\"><h3 class=\"entry-title\"><a data-id=\"654\" href=\"https:\/\/bfb.mk\/?p=654\" class=\"tpg-post-link\" target=\"_self\">Urimi p\u00ebr 22 N\u00ebntorin \u2013 Dit\u00ebn e Alfabetit Shqiptar<\/a><\/h3><\/div>\n\t\t\t\t\t\t\t\t\t<div class=\"post-meta-tags rt-el-post-meta\">\n\t\t\t\t\t\t            <span class='date'>\n\t\t\t\t<i class='far fa-calendar-alt '><\/i>\t\t\t\t                    <a href=\"https:\/\/bfb.mk\/?m=20241122\">\n\t\t\t\t\tNovember 22, 2024\t\t\t\t<\/a>\n\t\t\t\t\t\t\t<\/span>\n\t\t\t            <span class='categories-links'>\n\t\t\t\t<i class='fas fa-folder-open '><\/i><a class=\"blog\" href=\"https:\/\/bfb.mk\/?cat=1\">Blog<\/a><span class=\"rt-separator\">,<\/span><a class=\"lajme\" href=\"https:\/\/bfb.mk\/?cat=17\">Lajme<\/a>\t\t\t<\/span>\n\t\t\t\t\t\t\t\t<\/div>\n\t\t\t\t\n\t\t\t\t\t\t\t\t\t<div class=\"tpg-excerpt tpg-el-excerpt\">\n\t\t\t\t\t\t\t\t\t\t\t\t\t<div class=\"tpg-excerpt-inner\">\n\t\t\t\t\t\t\t\tN\u00eb k\u00ebt\u00eb dit\u00eb t\u00eb shenjt\u00eb p\u00ebr kultur\u00ebn dhe identitetin ton\u00eb komb\u00ebtar, 22 N\u00ebntorin, kur u vulos drita e...\t\t\t\t\t\t\t<\/div>\n\t\t\t\t\t\t\t\t\t\t\t\t\t\t\t\t\t<\/div>\n\t\t\t\t\n\t\t\t\t        <div class=\"post-footer\">\n            <div class=\"post-footer\">\n                <div class=\"read-more\">\n\t\t\t\t\t<a data-id=\"654\" href=\"https:\/\/bfb.mk\/?p=654\" class=\"tpg-post-link\" target=\"_self\">Read More<\/a>                <\/div>\n            <\/div>\n        <\/div>\n\t\t\t\t\t<\/div>\n\t\t<\/div>\n\t<\/div>\n<\/div>\n\n<div class=\"rt-col-md-12 rt-col-sm-12 rt-col-xs-12 default rt-list-item rt-grid-item\" data-id=\"650\">\n\t<div class=\"rt-holder tpg-post-holder \">\n\t\t<div class=\"rt-detail rt-el-content-wrapper\">\n\t\t\t\t\t\t\t<div class=\"rt-img-holder tpg-el-image-wrap has-no-thumbnail\">\n\t\t\t\t\t<a data-id=\"650\" href=\"https:\/\/bfb.mk\/?p=650\" class=\"tpg-post-link\" target=\"_self\"><img loading=\"lazy\" class='rt-img-responsive' src='https:\/\/bfb.mk\/wp-content\/uploads\/2024\/01\/BABA-EJUP-1024x668.jpg' width=\"1024\" height=\"668\" alt='Nj\u00eb vit pa Baba Ejupin'>\t\t\n\t\t<\/a>\n\t\t        <div class=\"overlay grid-hover-content\"><\/div>\n\t\t\t\t\t\t<\/div>\n\t\t\t\n\t\t\t<div class=\"post-right-content\">\n\t\t\t\t<div class=\"entry-title-wrapper\"><h3 class=\"entry-title\"><a data-id=\"650\" href=\"https:\/\/bfb.mk\/?p=650\" class=\"tpg-post-link\" target=\"_self\">Nj\u00eb vit pa Baba Ejupin<\/a><\/h3><\/div>\n\t\t\t\t\t\t\t\t\t<div class=\"post-meta-tags rt-el-post-meta\">\n\t\t\t\t\t\t            <span class='date'>\n\t\t\t\t<i class='far fa-calendar-alt '><\/i>\t\t\t\t                    <a href=\"https:\/\/bfb.mk\/?m=20240924\">\n\t\t\t\t\tSeptember 24, 2024\t\t\t\t<\/a>\n\t\t\t\t\t\t\t<\/span>\n\t\t\t            <span class='categories-links'>\n\t\t\t\t<i class='fas fa-folder-open '><\/i><a class=\"lajme\" href=\"https:\/\/bfb.mk\/?cat=17\">Lajme<\/a>\t\t\t<\/span>\n\t\t\t\t\t\t\t\t<\/div>\n\t\t\t\t\n\t\t\t\t\t\t\t\t\t<div class=\"tpg-excerpt tpg-el-excerpt\">\n\t\t\t\t\t\t\t\t\t\t\t\t\t<div class=\"tpg-excerpt-inner\">\n\t\t\t\t\t\t\t\tSot mbushen nj\u00eb vit nga kalimi nga jeta t\u00eb Kryetarit t\u00eb Komunitetit Bektashi n\u00eb Maqedoni Baba Ejup...\t\t\t\t\t\t\t<\/div>\n\t\t\t\t\t\t\t\t\t\t\t\t\t\t\t\t\t<\/div>\n\t\t\t\t\n\t\t\t\t        <div class=\"post-footer\">\n            <div class=\"post-footer\">\n                <div class=\"read-more\">\n\t\t\t\t\t<a data-id=\"650\" href=\"https:\/\/bfb.mk\/?p=650\" class=\"tpg-post-link\" target=\"_self\">Read More<\/a>                <\/div>\n            <\/div>\n        <\/div>\n\t\t\t\t\t<\/div>\n\t\t<\/div>\n\t<\/div>\n<\/div>\n            <\/div>\n\n\t\t\t\n        <\/div>\n\t\t\t\t\t\t<\/div>\n\t\t\t\t<\/div>\n\t\t\t\t\t<\/div>\n\t\t\t\t<\/div>\n\t\t\t\t<\/div>\n\t\t","protected":false},"excerpt":{"rendered":"<p>Lajme Homazh p\u00ebr Baba Rexhepin me rastin e 70 vjetorit t\u00eb themelimit t\u00eb Teqes\u00eb Bektashiane n\u00eb Detroit, SHBA. May 14, 2024 Lajme Baba Rexhepi shenjtor i bektashizmit, simbol i shqiptarizmit dhe luft\u00ebtar i liris\u00eb. Baba Rexhepi u&#8230; Read More G\u00ebzuar e p\u00ebr shum\u00eb jet\u00eb fest\u00ebn e Sh\u00ebn Gjergjit! May 6, 2024 Lajme T\u00eb dashur besimtar\u00eb, [&hellip;]<\/p>\n","protected":false},"author":2,"featured_media":0,"parent":0,"menu_order":0,"comment_status":"closed","ping_status":"closed","template":"","meta":{"footnotes":""},"class_list":["post-207","page","type-page","status-publish","hentry","entry"],"rttpg_featured_image_url":null,"rttpg_author":{"display_name":"Genc Ibraimi","author_link":"https:\/\/bfb.mk\/?author=2"},"rttpg_comment":0,"rttpg_category":"","rttpg_excerpt":"Lajme Homazh p\u00ebr Baba Rexhepin me rastin e 70 vjetorit t\u00eb themelimit t\u00eb Teqes\u00eb Bektashiane n\u00eb Detroit, SHBA. May 14, 2024 Lajme Baba Rexhepi shenjtor i bektashizmit, simbol i shqiptarizmit dhe luft\u00ebtar i liris\u00eb. Baba Rexhepi u&#8230; Read More G\u00ebzuar e p\u00ebr shum\u00eb jet\u00eb fest\u00ebn e Sh\u00ebn Gjergjit! May 6, 2024 Lajme T\u00eb dashur besimtar\u00eb,&hellip;","_links":{"self":[{"href":"https:\/\/bfb.mk\/index.php?rest_route=\/wp\/v2\/pages\/207","targetHints":{"allow":["GET"]}}],"collection":[{"href":"https:\/\/bfb.mk\/index.php?rest_route=\/wp\/v2\/pages"}],"about":[{"href":"https:\/\/bfb.mk\/index.php?rest_route=\/wp\/v2\/types\/page"}],"author":[{"embeddable":true,"href":"https:\/\/bfb.mk\/index.php?rest_route=\/wp\/v2\/users\/2"}],"replies":[{"embeddable":true,"href":"https:\/\/bfb.mk\/index.php?rest_route=%2Fwp%2Fv2%2Fcomments&post=207"}],"version-history":[{"count":16,"href":"https:\/\/bfb.mk\/index.php?rest_route=\/wp\/v2\/pages\/207\/revisions"}],"predecessor-version":[{"id":616,"href":"https:\/\/bfb.mk\/index.php?rest_route=\/wp\/v2\/pages\/207\/revisions\/616"}],"wp:attachment":[{"href":"https:\/\/bfb.mk\/index.php?rest_route=%2Fwp%2Fv2%2Fmedia&parent=207"}],"curies":[{"name":"wp","href":"https:\/\/api.w.org\/{rel}","templated":true}]}}