{"id":388,"date":"2024-01-02T15:48:27","date_gmt":"2024-01-02T15:48:27","guid":{"rendered":"https:\/\/bfb.mk\/?page_id=388"},"modified":"2024-02-16T08:44:21","modified_gmt":"2024-02-16T08:44:21","slug":"teqet-bektashiane","status":"publish","type":"page","link":"https:\/\/bfb.mk\/?page_id=388","title":{"rendered":"TEQET BEKTASHIANE"},"content":{"rendered":"\t\t<div data-elementor-type=\"wp-page\" data-elementor-id=\"388\" class=\"elementor elementor-388\">\n\t\t\t\t<div class=\"elementor-element elementor-element-4666391 e-con-full e-flex e-con e-parent\" data-id=\"4666391\" data-element_type=\"container\" data-e-type=\"container\">\n\t\t\t\t<div class=\"elementor-element elementor-element-42cb7db elementor-widget elementor-widget-heading\" data-id=\"42cb7db\" data-element_type=\"widget\" data-e-type=\"widget\" data-widget_type=\"heading.default\">\n\t\t\t\t<div class=\"elementor-widget-container\">\n\t\t\t\t\t<h2 class=\"elementor-heading-title elementor-size-default\">Hid\u00ebr Baba Teqe - K\u00ebr\u00e7ov\u00eb\u200b\u200b<\/h2>\t\t\t\t<\/div>\n\t\t\t\t<\/div>\n\t\t\t\t<div class=\"elementor-element elementor-element-72c2145 elementor-widget__width-initial elementor-widget elementor-widget-image\" data-id=\"72c2145\" data-element_type=\"widget\" data-e-type=\"widget\" data-widget_type=\"image.default\">\n\t\t\t\t<div class=\"elementor-widget-container\">\n\t\t\t\t\t\t\t\t\t\t\t\t\t\t\t<img fetchpriority=\"high\" decoding=\"async\" width=\"872\" height=\"872\" src=\"https:\/\/bfb.mk\/wp-content\/uploads\/2023\/12\/Teqe-Hider-Baba-Kercove.jpg\" class=\"attachment-large size-large wp-image-323\" alt=\"\" srcset=\"https:\/\/bfb.mk\/wp-content\/uploads\/2023\/12\/Teqe-Hider-Baba-Kercove.jpg 872w, https:\/\/bfb.mk\/wp-content\/uploads\/2023\/12\/Teqe-Hider-Baba-Kercove-300x300.jpg 300w, https:\/\/bfb.mk\/wp-content\/uploads\/2023\/12\/Teqe-Hider-Baba-Kercove-150x150.jpg 150w, https:\/\/bfb.mk\/wp-content\/uploads\/2023\/12\/Teqe-Hider-Baba-Kercove-768x768.jpg 768w, https:\/\/bfb.mk\/wp-content\/uploads\/2023\/12\/Teqe-Hider-Baba-Kercove-600x600.jpg 600w\" sizes=\"(max-width: 872px) 100vw, 872px\" \/>\t\t\t\t\t\t\t\t\t\t\t\t\t\t\t<\/div>\n\t\t\t\t<\/div>\n\t\t\t\t<\/div>\n\t\t<div class=\"elementor-element elementor-element-b1c05dc e-con-full e-flex e-con e-parent\" data-id=\"b1c05dc\" data-element_type=\"container\" data-e-type=\"container\">\n\t\t\t\t<div class=\"elementor-element elementor-element-7c4e9c2 elementor-widget elementor-widget-heading\" data-id=\"7c4e9c2\" data-element_type=\"widget\" data-e-type=\"widget\" data-widget_type=\"heading.default\">\n\t\t\t\t<div class=\"elementor-widget-container\">\n\t\t\t\t\t<h2 class=\"elementor-heading-title elementor-size-default\">Harabati Teqe - Tetov\u00eb<\/h2>\t\t\t\t<\/div>\n\t\t\t\t<\/div>\n\t\t\t\t<div class=\"elementor-element elementor-element-1474e96 elementor-widget__width-initial elementor-widget elementor-widget-image\" data-id=\"1474e96\" data-element_type=\"widget\" data-e-type=\"widget\" data-widget_type=\"image.default\">\n\t\t\t\t<div class=\"elementor-widget-container\">\n\t\t\t\t\t\t\t\t\t\t\t\t\t\t\t<img decoding=\"async\" width=\"637\" height=\"638\" src=\"https:\/\/bfb.mk\/wp-content\/uploads\/2024\/02\/Teqe-Harabati-Tetove.jpg\" class=\"attachment-large size-large wp-image-554\" alt=\"\" srcset=\"https:\/\/bfb.mk\/wp-content\/uploads\/2024\/02\/Teqe-Harabati-Tetove.jpg 637w, https:\/\/bfb.mk\/wp-content\/uploads\/2024\/02\/Teqe-Harabati-Tetove-300x300.jpg 300w, https:\/\/bfb.mk\/wp-content\/uploads\/2024\/02\/Teqe-Harabati-Tetove-150x150.jpg 150w, https:\/\/bfb.mk\/wp-content\/uploads\/2024\/02\/Teqe-Harabati-Tetove-600x600.jpg 600w\" sizes=\"(max-width: 637px) 100vw, 637px\" \/>\t\t\t\t\t\t\t\t\t\t\t\t\t\t\t<\/div>\n\t\t\t\t<\/div>\n\t\t\t\t<\/div>\n\t\t<div class=\"elementor-element elementor-element-29b3c6e e-flex e-con-boxed e-con e-parent\" data-id=\"29b3c6e\" data-element_type=\"container\" data-e-type=\"container\">\n\t\t\t\t\t<div class=\"e-con-inner\">\n\t\t\t\t\t<\/div>\n\t\t\t\t<\/div>\n\t\t\t\t<\/div>\n\t\t","protected":false},"excerpt":{"rendered":"<p>Hid\u00ebr Baba Teqe &#8211; K\u00ebr\u00e7ov\u00eb\u200b\u200b Harabati Teqe &#8211; Tetov\u00eb<\/p>\n","protected":false},"author":2,"featured_media":0,"parent":0,"menu_order":0,"comment_status":"closed","ping_status":"closed","template":"","meta":{"footnotes":""},"class_list":["post-388","page","type-page","status-publish","hentry","entry"],"rttpg_featured_image_url":null,"rttpg_author":{"display_name":"Genc Ibraimi","author_link":"https:\/\/bfb.mk\/?author=2"},"rttpg_comment":0,"rttpg_category":null,"rttpg_excerpt":"Hid\u00ebr Baba Teqe &#8211; K\u00ebr\u00e7ov\u00eb\u200b\u200b Harabati Teqe &#8211; Tetov\u00eb","_links":{"self":[{"href":"https:\/\/bfb.mk\/index.php?rest_route=\/wp\/v2\/pages\/388","targetHints":{"allow":["GET"]}}],"collection":[{"href":"https:\/\/bfb.mk\/index.php?rest_route=\/wp\/v2\/pages"}],"about":[{"href":"https:\/\/bfb.mk\/index.php?rest_route=\/wp\/v2\/types\/page"}],"author":[{"embeddable":true,"href":"https:\/\/bfb.mk\/index.php?rest_route=\/wp\/v2\/users\/2"}],"replies":[{"embeddable":true,"href":"https:\/\/bfb.mk\/index.php?rest_route=%2Fwp%2Fv2%2Fcomments&post=388"}],"version-history":[{"count":13,"href":"https:\/\/bfb.mk\/index.php?rest_route=\/wp\/v2\/pages\/388\/revisions"}],"predecessor-version":[{"id":565,"href":"https:\/\/bfb.mk\/index.php?rest_route=\/wp\/v2\/pages\/388\/revisions\/565"}],"wp:attachment":[{"href":"https:\/\/bfb.mk\/index.php?rest_route=%2Fwp%2Fv2%2Fmedia&parent=388"}],"curies":[{"name":"wp","href":"https:\/\/api.w.org\/{rel}","templated":true}]}}