{"id":394,"date":"2024-01-02T15:51:27","date_gmt":"2024-01-02T15:51:27","guid":{"rendered":"https:\/\/bfb.mk\/?page_id=394"},"modified":"2024-01-04T19:42:07","modified_gmt":"2024-01-04T19:42:07","slug":"kryetari-i-gjyshates-bektashiane-ne-maqedonine-e-veriut","status":"publish","type":"page","link":"https:\/\/bfb.mk\/?page_id=394","title":{"rendered":"KRYETARI I GJYSHAT\u00cbS BEKTASHIANE N\u00cb MAQEDONIN\u00cb E VERIUT"},"content":{"rendered":"\t\t<div data-elementor-type=\"wp-page\" data-elementor-id=\"394\" class=\"elementor elementor-394\">\n\t\t\t\t<div class=\"elementor-element elementor-element-106fbd9 e-flex e-con-boxed e-con e-parent\" data-id=\"106fbd9\" data-element_type=\"container\" data-e-type=\"container\">\n\t\t\t\t\t<div class=\"e-con-inner\">\n\t\t\t\t<div class=\"elementor-element elementor-element-93ae8cf elementor-widget elementor-widget-heading\" data-id=\"93ae8cf\" data-element_type=\"widget\" data-e-type=\"widget\" data-widget_type=\"heading.default\">\n\t\t\t\t<div class=\"elementor-widget-container\">\n\t\t\t\t\t<h2 class=\"elementor-heading-title elementor-size-default\">   Kryetari i Gjyshat\u00ebs Bektashiane n\u00eb RMV<\/h2>\t\t\t\t<\/div>\n\t\t\t\t<\/div>\n\t\t\t\t\t<\/div>\n\t\t\t\t<\/div>\n\t\t<div class=\"elementor-element elementor-element-b142e6f e-flex e-con-boxed e-con e-parent\" data-id=\"b142e6f\" data-element_type=\"container\" data-e-type=\"container\">\n\t\t\t\t\t<div class=\"e-con-inner\">\n\t\t\t\t<div class=\"elementor-element elementor-element-7057a50 elementor-widget elementor-widget-heading\" data-id=\"7057a50\" data-element_type=\"widget\" data-e-type=\"widget\" data-widget_type=\"heading.default\">\n\t\t\t\t<div class=\"elementor-widget-container\">\n\t\t\t\t\t<h2 class=\"elementor-heading-title elementor-size-default\">Baba Ejup Rakipi<\/h2>\t\t\t\t<\/div>\n\t\t\t\t<\/div>\n\t\t\t\t<div class=\"elementor-element elementor-element-e8a6315 elementor-widget__width-initial elementor-widget elementor-widget-image\" data-id=\"e8a6315\" data-element_type=\"widget\" data-e-type=\"widget\" data-widget_type=\"image.default\">\n\t\t\t\t<div class=\"elementor-widget-container\">\n\t\t\t\t\t\t\t\t\t\t\t\t\t\t\t<img fetchpriority=\"high\" decoding=\"async\" width=\"300\" height=\"300\" src=\"https:\/\/bfb.mk\/wp-content\/uploads\/2023\/12\/Baba-Ejup-Rakipi-300x300.jpg\" class=\"attachment-medium size-medium wp-image-236\" alt=\"\" srcset=\"https:\/\/bfb.mk\/wp-content\/uploads\/2023\/12\/Baba-Ejup-Rakipi-300x300.jpg 300w, https:\/\/bfb.mk\/wp-content\/uploads\/2023\/12\/Baba-Ejup-Rakipi-1024x1024.jpg 1024w, https:\/\/bfb.mk\/wp-content\/uploads\/2023\/12\/Baba-Ejup-Rakipi-150x150.jpg 150w, https:\/\/bfb.mk\/wp-content\/uploads\/2023\/12\/Baba-Ejup-Rakipi-768x768.jpg 768w, https:\/\/bfb.mk\/wp-content\/uploads\/2023\/12\/Baba-Ejup-Rakipi.jpg 1280w\" sizes=\"(max-width: 300px) 100vw, 300px\" \/>\t\t\t\t\t\t\t\t\t\t\t\t\t\t\t<\/div>\n\t\t\t\t<\/div>\n\t\t\t\t\t<\/div>\n\t\t\t\t<\/div>\n\t\t\t\t<\/div>\n\t\t","protected":false},"excerpt":{"rendered":"<p>Kryetari i Gjyshat\u00ebs Bektashiane n\u00eb RMV Baba Ejup Rakipi<\/p>\n","protected":false},"author":2,"featured_media":0,"parent":0,"menu_order":0,"comment_status":"closed","ping_status":"closed","template":"","meta":{"footnotes":""},"class_list":["post-394","page","type-page","status-publish","hentry","entry"],"rttpg_featured_image_url":null,"rttpg_author":{"display_name":"Genc Ibraimi","author_link":"https:\/\/bfb.mk\/?author=2"},"rttpg_comment":0,"rttpg_category":null,"rttpg_excerpt":"Kryetari i Gjyshat\u00ebs Bektashiane n\u00eb RMV Baba Ejup Rakipi","_links":{"self":[{"href":"https:\/\/bfb.mk\/index.php?rest_route=\/wp\/v2\/pages\/394","targetHints":{"allow":["GET"]}}],"collection":[{"href":"https:\/\/bfb.mk\/index.php?rest_route=\/wp\/v2\/pages"}],"about":[{"href":"https:\/\/bfb.mk\/index.php?rest_route=\/wp\/v2\/types\/page"}],"author":[{"embeddable":true,"href":"https:\/\/bfb.mk\/index.php?rest_route=\/wp\/v2\/users\/2"}],"replies":[{"embeddable":true,"href":"https:\/\/bfb.mk\/index.php?rest_route=%2Fwp%2Fv2%2Fcomments&post=394"}],"version-history":[{"count":4,"href":"https:\/\/bfb.mk\/index.php?rest_route=\/wp\/v2\/pages\/394\/revisions"}],"predecessor-version":[{"id":458,"href":"https:\/\/bfb.mk\/index.php?rest_route=\/wp\/v2\/pages\/394\/revisions\/458"}],"wp:attachment":[{"href":"https:\/\/bfb.mk\/index.php?rest_route=%2Fwp%2Fv2%2Fmedia&parent=394"}],"curies":[{"name":"wp","href":"https:\/\/api.w.org\/{rel}","templated":true}]}}